{"id":604,"date":"2025-07-26T17:58:24","date_gmt":"2025-07-26T17:58:24","guid":{"rendered":"https:\/\/sebastianskorupka.pl\/?page_id=604"},"modified":"2026-02-24T15:14:25","modified_gmt":"2026-02-24T15:14:25","slug":"oferta","status":"publish","type":"page","link":"https:\/\/sebastianskorupka.pl\/index.php\/oferta\/","title":{"rendered":"OFERTA"},"content":{"rendered":"\t\t<div data-elementor-type=\"wp-page\" data-elementor-id=\"604\" class=\"elementor elementor-604\">\n\t\t\t\t<div class=\"elementor-element elementor-element-ef098e3 e-flex e-con-boxed e-con e-parent\" data-id=\"ef098e3\" data-element_type=\"container\" data-settings=\"{&quot;background_background&quot;:&quot;classic&quot;}\">\n\t\t\t\t\t<div class=\"e-con-inner\">\n\t\t<div class=\"elementor-element elementor-element-3007aff e-con-full e-flex e-con e-child\" data-id=\"3007aff\" data-element_type=\"container\">\n\t\t\t\t<div class=\"elementor-element elementor-element-6cae396 elementor-widget__width-initial elementor-widget elementor-widget-image\" data-id=\"6cae396\" data-element_type=\"widget\" data-widget_type=\"image.default\">\n\t\t\t\t\t\t\t\t\t\t\t\t\t\t\t\t<a href=\"https:\/\/sebastianskorupka.pl\/\">\n\t\t\t\t\t\t\t<img decoding=\"async\" width=\"150\" height=\"150\" src=\"https:\/\/sebastianskorupka.pl\/wp-content\/uploads\/2026\/01\/723ff034-d653-463a-87e1-1b8ffd850e5b-150x150.png\" class=\"attachment-thumbnail size-thumbnail wp-image-1047\" alt=\"\" srcset=\"https:\/\/sebastianskorupka.pl\/wp-content\/uploads\/2026\/01\/723ff034-d653-463a-87e1-1b8ffd850e5b-150x150.png 150w, https:\/\/sebastianskorupka.pl\/wp-content\/uploads\/2026\/01\/723ff034-d653-463a-87e1-1b8ffd850e5b-300x300.png 300w, https:\/\/sebastianskorupka.pl\/wp-content\/uploads\/2026\/01\/723ff034-d653-463a-87e1-1b8ffd850e5b-768x768.png 768w, https:\/\/sebastianskorupka.pl\/wp-content\/uploads\/2026\/01\/723ff034-d653-463a-87e1-1b8ffd850e5b-600x600.png 600w, https:\/\/sebastianskorupka.pl\/wp-content\/uploads\/2026\/01\/723ff034-d653-463a-87e1-1b8ffd850e5b.png 1024w\" sizes=\"(max-width: 150px) 100vw, 150px\" \/>\t\t\t\t\t\t\t\t<\/a>\n\t\t\t\t\t\t\t\t\t\t\t\t\t\t\t<\/div>\n\t\t\t\t<\/div>\n\t\t<div class=\"elementor-element elementor-element-a5b6edf e-con-full e-flex e-con e-child\" data-id=\"a5b6edf\" data-element_type=\"container\">\n\t\t\t\t<div class=\"elementor-element elementor-element-0777439 elementor-widget elementor-widget-ekit-nav-menu\" data-id=\"0777439\" data-element_type=\"widget\" data-widget_type=\"ekit-nav-menu.default\">\n\t\t\t\t<div class=\"elementor-widget-container\">\n\t\t\t\t\t\t\t<nav class=\"ekit-wid-con ekit_menu_responsive_tablet\" \n\t\t\tdata-hamburger-icon=\"\" \n\t\t\tdata-hamburger-icon-type=\"icon\" \n\t\t\tdata-responsive-breakpoint=\"1024\">\n\t\t\t            <button class=\"elementskit-menu-hamburger elementskit-menu-toggler\"  type=\"button\" aria-label=\"hamburger-icon\">\n                                    <span class=\"elementskit-menu-hamburger-icon\"><\/span><span class=\"elementskit-menu-hamburger-icon\"><\/span><span class=\"elementskit-menu-hamburger-icon\"><\/span>\n                            <\/button>\n            <div id=\"ekit-megamenu-fitness-trainer-main-menu\" class=\"elementskit-menu-container elementskit-menu-offcanvas-elements elementskit-navbar-nav-default ekit-nav-menu-one-page-yes ekit-nav-dropdown-hover\"><ul id=\"menu-fitness-trainer-main-menu\" class=\"elementskit-navbar-nav elementskit-menu-po-center submenu-click-on-icon\"><li id=\"menu-item-603\" class=\"menu-item menu-item-type-post_type menu-item-object-page menu-item-home menu-item-603 nav-item elementskit-mobile-builder-content\" data-vertical-menu=750px><a href=\"https:\/\/sebastianskorupka.pl\/\" class=\"ekit-menu-nav-link\">STRONA G\u0141\u00d3WNA<\/a><\/li>\n<li id=\"menu-item-612\" class=\"menu-item menu-item-type-post_type menu-item-object-page menu-item-612 nav-item elementskit-mobile-builder-content\" data-vertical-menu=750px><a href=\"https:\/\/sebastianskorupka.pl\/index.php\/oferta\/\" class=\"ekit-menu-nav-link\">OFERTA<\/a><\/li>\n<li id=\"menu-item-601\" class=\"menu-item menu-item-type-post_type menu-item-object-page menu-item-601 nav-item elementskit-mobile-builder-content\" data-vertical-menu=750px><a href=\"https:\/\/sebastianskorupka.pl\/index.php\/o-mnie\/\" class=\"ekit-menu-nav-link\">O NAS<\/a><\/li>\n<li id=\"menu-item-602\" class=\"menu-item menu-item-type-post_type menu-item-object-page menu-item-602 nav-item elementskit-mobile-builder-content\" data-vertical-menu=750px><a href=\"https:\/\/sebastianskorupka.pl\/index.php\/kontakt\/\" class=\"ekit-menu-nav-link\">KONTAKT<\/a><\/li>\n<li id=\"menu-item-1175\" class=\"menu-item menu-item-type-post_type menu-item-object-page menu-item-1175 nav-item elementskit-mobile-builder-content\" data-vertical-menu=750px><a href=\"https:\/\/sebastianskorupka.pl\/index.php\/bezpieczenstwo\/\" class=\"ekit-menu-nav-link\">BEZPIECZE\u0143STWO<\/a><\/li>\n<\/ul><div class=\"elementskit-nav-identity-panel\"><button class=\"elementskit-menu-close elementskit-menu-toggler\" type=\"button\">X<\/button><\/div><\/div>\t\t\t\n\t\t\t<div class=\"elementskit-menu-overlay elementskit-menu-offcanvas-elements elementskit-menu-toggler ekit-nav-menu--overlay\"><\/div>        <\/nav>\n\t\t\t\t\t\t<\/div>\n\t\t\t\t<\/div>\n\t\t\t\t<\/div>\n\t\t\t\t\t<\/div>\n\t\t\t\t<\/div>\n\t\t<div class=\"elementor-element elementor-element-4b8fcf9 e-flex e-con-boxed e-con e-parent\" data-id=\"4b8fcf9\" data-element_type=\"container\" data-settings=\"{&quot;background_background&quot;:&quot;classic&quot;}\">\n\t\t\t\t\t<div class=\"e-con-inner\">\n\t\t\t\t<div class=\"elementor-element elementor-element-596b2cb elementor-widget elementor-widget-heading\" data-id=\"596b2cb\" data-element_type=\"widget\" data-widget_type=\"heading.default\">\n\t\t\t\t\t<h2 class=\"elementor-heading-title elementor-size-default\">OFERTA<\/h2>\t\t\t\t<\/div>\n\t\t\t\t\t<\/div>\n\t\t\t\t<\/div>\n\t\t<div class=\"elementor-element elementor-element-ec274e9 e-flex e-con-boxed e-con e-parent\" data-id=\"ec274e9\" data-element_type=\"container\" data-settings=\"{&quot;background_background&quot;:&quot;classic&quot;}\">\n\t\t\t\t\t<div class=\"e-con-inner\">\n\t\t\t\t<div class=\"elementor-element elementor-element-6b36ee8 ekit-image-accordion-horizontal ekit-image-accordion-click elementor-widget elementor-widget-elementskit-image-accordion\" data-id=\"6b36ee8\" data-element_type=\"widget\" data-widget_type=\"elementskit-image-accordion.default\">\n\t\t\t\t<div class=\"elementor-widget-container\">\n\t\t\t\t\t<div class=\"ekit-wid-con\" >\t\t<div class=\"ekit-image-accordion elementskit-image-accordion-wraper\">\n\t\t\t                <input type=\"radio\" name=\"ekit_ia_6b36ee8\" id=\"ekit_ia_6b36ee8_0\" class=\"elementskit-single-image-accordion--input\" hidden>\n                <label for=\"ekit_ia_6b36ee8_0\" class=\"elementskit-single-image-accordion ekit-image-accordion-item\" style=\"background-image: url(https:\/\/sebastianskorupka.pl\/wp-content\/uploads\/2025\/10\/Zdjecie-WhatsApp-2025-08-31-o-15.07.22_10ca303f.jpg)\">\n                    <span class=\"elementskit-accordion-content\">\n\t\t\t\t\t\t\t\t\t\t\t\t\t<span class=\"elementskit-accordion-title-wraper\">\n\t\t\t\t\t\t\t\t<span class=\"elementskit-accordion-title \">\n\t\t\t\t\t\t\t\t\n\t\t\t\t\t\t\t\tFIRESHOW\n\t\t\t\t\t\t\t\t\t\t\t\t\t\t\t\t<\/span>\n\t\t\t\t\t\t\t<\/span>\n\t\t\t\t\t\t\t\t\t\t\t\t\t\t<span class=\"elementskit-btn-wraper\">\n\t\t\t\t\t\t\t\t<a class=\"ekit-image-accordion--btn elementskit-btn whitespace--normal\" href=\"https:\/\/sebastianskorupka.pl\/index.php\/fireshow-pro-2\/\" target=\"_blank\">\n\t\t\t\t\t\t\t\t\tDowiedz si\u0119 wi\u0119cej\t\t\t\t\t\t\t\t<\/a>\n\t\t\t\t\t\t\t<\/span>\n\t\t\t\t\t\t                    <\/span>\n                <\/label>\n                            <input type=\"radio\" name=\"ekit_ia_6b36ee8\" id=\"ekit_ia_6b36ee8_1\" class=\"elementskit-single-image-accordion--input\" hidden>\n                <label for=\"ekit_ia_6b36ee8_1\" class=\"elementskit-single-image-accordion ekit-image-accordion-item\" style=\"background-image: url(https:\/\/sebastianskorupka.pl\/wp-content\/uploads\/2025\/07\/IMG_20250502_160735714_HDR-scaled.jpg)\">\n                    <span class=\"elementskit-accordion-content\">\n\t\t\t\t\t\t\t\t\t\t\t\t\t<span class=\"elementskit-accordion-title-wraper\">\n\t\t\t\t\t\t\t\t<span class=\"elementskit-accordion-title \">\n\t\t\t\t\t\t\t\t\n\t\t\t\t\t\t\t\tWARSZTATY I ANIMACJE CYRKOWE\n\t\t\t\t\t\t\t\t\t\t\t\t\t\t\t\t<\/span>\n\t\t\t\t\t\t\t<\/span>\n\t\t\t\t\t\t\t\t\t\t\t\t\t\t<span class=\"elementskit-btn-wraper\">\n\t\t\t\t\t\t\t\t<a class=\"ekit-image-accordion--btn elementskit-btn whitespace--normal\" href=\"https:\/\/sebastianskorupka.pl\/index.php\/zonglerka-fire\/\" target=\"_blank\">\n\t\t\t\t\t\t\t\t\tDowiedz si\u0119 wi\u0119cej\t\t\t\t\t\t\t\t<\/a>\n\t\t\t\t\t\t\t<\/span>\n\t\t\t\t\t\t                    <\/span>\n                <\/label>\n                            <input type=\"radio\" name=\"ekit_ia_6b36ee8\" id=\"ekit_ia_6b36ee8_2\" class=\"elementskit-single-image-accordion--input\" hidden>\n                <label for=\"ekit_ia_6b36ee8_2\" class=\"elementskit-single-image-accordion ekit-image-accordion-item\" style=\"background-image: url(https:\/\/sebastianskorupka.pl\/wp-content\/uploads\/2025\/07\/FB_IMG_1751319721148.jpg)\">\n                    <span class=\"elementskit-accordion-content\">\n\t\t\t\t\t\t\t\t\t\t\t\t\t<span class=\"elementskit-accordion-title-wraper\">\n\t\t\t\t\t\t\t\t<span class=\"elementskit-accordion-title \">\n\t\t\t\t\t\t\t\t\n\t\t\t\t\t\t\t\tPOKAZY CYRKOWE\n\t\t\t\t\t\t\t\t\t\t\t\t\t\t\t\t<\/span>\n\t\t\t\t\t\t\t<\/span>\n\t\t\t\t\t\t\t\t\t\t\t\t\t\t<span class=\"elementskit-btn-wraper\">\n\t\t\t\t\t\t\t\t<a class=\"ekit-image-accordion--btn elementskit-btn whitespace--normal\" href=\"https:\/\/sebastianskorupka.pl\/index.php\/zonglerka\/\" target=\"_blank\">\n\t\t\t\t\t\t\t\t\tDowiedz si\u0119 wi\u0119cej\t\t\t\t\t\t\t\t<\/a>\n\t\t\t\t\t\t\t<\/span>\n\t\t\t\t\t\t                    <\/span>\n                <\/label>\n                    <\/div>\n    <\/div>\t\t\t\t<\/div>\n\t\t\t\t<\/div>\n\t\t\t\t\t<\/div>\n\t\t\t\t<\/div>\n\t\t<div class=\"elementor-element elementor-element-c9fbf67 e-flex e-con-boxed e-con e-parent\" data-id=\"c9fbf67\" data-element_type=\"container\" data-settings=\"{&quot;background_background&quot;:&quot;classic&quot;}\">\n\t\t\t\t\t<div class=\"e-con-inner\">\n\t\t\t\t<div class=\"elementor-element elementor-element-ec3facf elementor-widget elementor-widget-eael-svg-draw\" data-id=\"ec3facf\" data-element_type=\"widget\" data-widget_type=\"eael-svg-draw.default\">\n\t\t\t\t\t<div class=\"eael-svg-draw-container page-load \" data-settings=\"{&quot;fill_type&quot;:&quot;none&quot;,&quot;fill_color&quot;:null,&quot;start_point&quot;:&quot;95%&quot;,&quot;end_point&quot;:&quot;10%&quot;,&quot;marker&quot;:false,&quot;loop&quot;:&quot;yes&quot;,&quot;loop_delay&quot;:1.5,&quot;pause&quot;:&quot;no&quot;,&quot;direction&quot;:&quot;reverse&quot;,&quot;excludeStyle&quot;:&quot;yes&quot;,&quot;transition&quot;:&quot;1&quot;,&quot;stroke_length&quot;:100,&quot;ease_type&quot;:&quot;none&quot;,&quot;speed&quot;:1}\"><svg class='svg-inline--fas-fa-fire  eael-svg-icon' aria-hidden='true' role='img' xmlns='http:\/\/www.w3.org\/2000\/svg' viewBox='0 0 384 512'><path fill='' d='M216 23.86c0-23.8-30.65-32.77-44.15-13.04C48 191.85 224 200 224 288c0 35.63-29.11 64.46-64.85 63.99-35.17-.45-63.15-29.77-63.15-64.94v-85.51c0-21.7-26.47-32.23-41.43-16.5C27.8 213.16 0 261.33 0 320c0 105.87 86.13 192 192 192s192-86.13 192-192c0-170.29-168-193-168-296.14z'><\/path><\/svg> <\/div>\t\t\t\t<\/div>\n\t\t\t\t\t<\/div>\n\t\t\t\t<\/div>\n\t\t<div class=\"elementor-element elementor-element-7801803 e-flex e-con-boxed e-con e-parent\" data-id=\"7801803\" data-element_type=\"container\" data-settings=\"{&quot;background_background&quot;:&quot;classic&quot;}\">\n\t\t\t\t\t<div class=\"e-con-inner\">\n\t\t\t\t<div class=\"elementor-element elementor-element-bec9209 elementor-absolute elementor-widget elementor-widget-ekit-nav-menu\" data-id=\"bec9209\" data-element_type=\"widget\" data-settings=\"{&quot;_position&quot;:&quot;absolute&quot;}\" data-widget_type=\"ekit-nav-menu.default\">\n\t\t\t\t<div class=\"elementor-widget-container\">\n\t\t\t\t\t\t\t<nav class=\"ekit-wid-con ekit_menu_responsive_tablet\" \n\t\t\tdata-hamburger-icon=\"\" \n\t\t\tdata-hamburger-icon-type=\"icon\" \n\t\t\tdata-responsive-breakpoint=\"1024\">\n\t\t\t            <button class=\"elementskit-menu-hamburger elementskit-menu-toggler\"  type=\"button\" aria-label=\"hamburger-icon\">\n                                    <span class=\"elementskit-menu-hamburger-icon\"><\/span><span class=\"elementskit-menu-hamburger-icon\"><\/span><span class=\"elementskit-menu-hamburger-icon\"><\/span>\n                            <\/button>\n            <div id=\"ekit-megamenu-fitness-trainer-main-menu\" class=\"elementskit-menu-container elementskit-menu-offcanvas-elements elementskit-navbar-nav-default ekit-nav-menu-one-page-yes ekit-nav-dropdown-hover\"><ul id=\"menu-fitness-trainer-main-menu-1\" class=\"elementskit-navbar-nav elementskit-menu-po-center submenu-click-on-icon\"><li class=\"menu-item menu-item-type-post_type menu-item-object-page menu-item-home menu-item-603 nav-item elementskit-mobile-builder-content\" data-vertical-menu=750px><a href=\"https:\/\/sebastianskorupka.pl\/\" class=\"ekit-menu-nav-link\">STRONA G\u0141\u00d3WNA<\/a><\/li>\n<li class=\"menu-item menu-item-type-post_type menu-item-object-page menu-item-612 nav-item elementskit-mobile-builder-content\" data-vertical-menu=750px><a href=\"https:\/\/sebastianskorupka.pl\/index.php\/oferta\/\" class=\"ekit-menu-nav-link\">OFERTA<\/a><\/li>\n<li class=\"menu-item menu-item-type-post_type menu-item-object-page menu-item-601 nav-item elementskit-mobile-builder-content\" data-vertical-menu=750px><a href=\"https:\/\/sebastianskorupka.pl\/index.php\/o-mnie\/\" class=\"ekit-menu-nav-link\">O NAS<\/a><\/li>\n<li class=\"menu-item menu-item-type-post_type menu-item-object-page menu-item-602 nav-item elementskit-mobile-builder-content\" data-vertical-menu=750px><a href=\"https:\/\/sebastianskorupka.pl\/index.php\/kontakt\/\" class=\"ekit-menu-nav-link\">KONTAKT<\/a><\/li>\n<li class=\"menu-item menu-item-type-post_type menu-item-object-page menu-item-1175 nav-item elementskit-mobile-builder-content\" data-vertical-menu=750px><a href=\"https:\/\/sebastianskorupka.pl\/index.php\/bezpieczenstwo\/\" class=\"ekit-menu-nav-link\">BEZPIECZE\u0143STWO<\/a><\/li>\n<\/ul><div class=\"elementskit-nav-identity-panel\"><button class=\"elementskit-menu-close elementskit-menu-toggler\" type=\"button\">X<\/button><\/div><\/div>\t\t\t\n\t\t\t<div class=\"elementskit-menu-overlay elementskit-menu-offcanvas-elements elementskit-menu-toggler ekit-nav-menu--overlay\"><\/div>        <\/nav>\n\t\t\t\t\t\t<\/div>\n\t\t\t\t<\/div>\n\t\t\t\t\t<\/div>\n\t\t\t\t<\/div>\n\t\t<div class=\"elementor-element elementor-element-3a9a78b e-flex e-con-boxed e-con e-parent\" data-id=\"3a9a78b\" data-element_type=\"container\" data-settings=\"{&quot;background_background&quot;:&quot;classic&quot;}\">\n\t\t\t\t\t<div class=\"e-con-inner\">\n\t\t\t\t<div class=\"elementor-element elementor-element-77956f2 elementor-widget elementor-widget-copyright\" data-id=\"77956f2\" data-element_type=\"widget\" data-widget_type=\"copyright.default\">\n\t\t\t\t<div class=\"elementor-widget-container\">\n\t\t\t\t\t\t\t<div class=\"hfe-copyright-wrapper\">\n\t\t\t\t\t\t\t<span>Copyright \u00a9 2026 Skorupka ART - Atrakcje eventowe | Powered by Skorupka ART - Atrakcje eventowe<\/span>\n\t\t\t\t\t<\/div>\n\t\t\t\t\t\t<\/div>\n\t\t\t\t<\/div>\n\t\t\t\t\t<\/div>\n\t\t\t\t<\/div>\n\t\t\t\t<\/div>\n\t\t\n    <div class=\"xs_social_share_widget xs_share_url after_content \t\tmain_content  wslu-style-1 wslu-share-box-shaped wslu-fill-colored wslu-none wslu-share-horizontal wslu-theme-font-no wslu-main_content\">\n\n\t\t\n        <ul>\n\t\t\t        <\/ul>\n    <\/div> \n","protected":false},"excerpt":{"rendered":"<p>Strona g\u0142\u00f3wna OFERTA O NAS KONTAKT X OFERTA FIRESHOW Dowiedz si\u0119 wi\u0119cej WARSZTATY I ANIMACJE CYRKOWE Dowiedz si\u0119 wi\u0119cej POKAZY CYRKOWE Dowiedz si\u0119 wi\u0119cej Strona g\u0142\u00f3wna OFERTA O NAS KONTAKT X Copyright \u00a9 | Powered by<\/p>\n","protected":false},"author":1,"featured_media":0,"parent":0,"menu_order":0,"comment_status":"closed","ping_status":"closed","template":"elementor_canvas","meta":{"_themeisle_gutenberg_block_has_review":false,"footnotes":""},"class_list":["post-604","page","type-page","status-publish","hentry","entry"],"_links":{"self":[{"href":"https:\/\/sebastianskorupka.pl\/index.php\/wp-json\/wp\/v2\/pages\/604","targetHints":{"allow":["GET"]}}],"collection":[{"href":"https:\/\/sebastianskorupka.pl\/index.php\/wp-json\/wp\/v2\/pages"}],"about":[{"href":"https:\/\/sebastianskorupka.pl\/index.php\/wp-json\/wp\/v2\/types\/page"}],"author":[{"embeddable":true,"href":"https:\/\/sebastianskorupka.pl\/index.php\/wp-json\/wp\/v2\/users\/1"}],"replies":[{"embeddable":true,"href":"https:\/\/sebastianskorupka.pl\/index.php\/wp-json\/wp\/v2\/comments?post=604"}],"version-history":[{"count":28,"href":"https:\/\/sebastianskorupka.pl\/index.php\/wp-json\/wp\/v2\/pages\/604\/revisions"}],"predecessor-version":[{"id":1116,"href":"https:\/\/sebastianskorupka.pl\/index.php\/wp-json\/wp\/v2\/pages\/604\/revisions\/1116"}],"wp:attachment":[{"href":"https:\/\/sebastianskorupka.pl\/index.php\/wp-json\/wp\/v2\/media?parent=604"}],"curies":[{"name":"wp","href":"https:\/\/api.w.org\/{rel}","templated":true}]}}