{"id":545,"date":"2025-07-26T14:58:44","date_gmt":"2025-07-26T14:58:44","guid":{"rendered":"https:\/\/sebastianskorupka.pl\/?page_id=545"},"modified":"2026-02-24T15:36:12","modified_gmt":"2026-02-24T15:36:12","slug":"zonglerka-fire","status":"publish","type":"page","link":"https:\/\/sebastianskorupka.pl\/index.php\/zonglerka-fire\/","title":{"rendered":"WARSZTATY I ANIMACJE"},"content":{"rendered":"\t\t<div data-elementor-type=\"wp-page\" data-elementor-id=\"545\" class=\"elementor elementor-545\">\n\t\t\t\t<div class=\"elementor-element elementor-element-07dbfb5 e-flex e-con-boxed e-con e-parent\" data-id=\"07dbfb5\" data-element_type=\"container\" data-settings=\"{&quot;background_background&quot;:&quot;classic&quot;}\">\n\t\t\t\t\t<div class=\"e-con-inner\">\n\t\t<div class=\"elementor-element elementor-element-51b3405 e-con-full e-flex e-con e-child\" data-id=\"51b3405\" data-element_type=\"container\">\n\t\t\t\t<div class=\"elementor-element elementor-element-ef62477 elementor-widget__width-initial elementor-widget elementor-widget-image\" data-id=\"ef62477\" data-element_type=\"widget\" data-widget_type=\"image.default\">\n\t\t\t\t\t\t\t\t\t\t\t\t\t\t\t\t<a href=\"https:\/\/sebastianskorupka.pl\/\">\n\t\t\t\t\t\t\t<img decoding=\"async\" width=\"150\" height=\"150\" src=\"https:\/\/sebastianskorupka.pl\/wp-content\/uploads\/2026\/01\/723ff034-d653-463a-87e1-1b8ffd850e5b-150x150.png\" class=\"attachment-thumbnail size-thumbnail wp-image-1047\" alt=\"\" srcset=\"https:\/\/sebastianskorupka.pl\/wp-content\/uploads\/2026\/01\/723ff034-d653-463a-87e1-1b8ffd850e5b-150x150.png 150w, https:\/\/sebastianskorupka.pl\/wp-content\/uploads\/2026\/01\/723ff034-d653-463a-87e1-1b8ffd850e5b-300x300.png 300w, https:\/\/sebastianskorupka.pl\/wp-content\/uploads\/2026\/01\/723ff034-d653-463a-87e1-1b8ffd850e5b-768x768.png 768w, https:\/\/sebastianskorupka.pl\/wp-content\/uploads\/2026\/01\/723ff034-d653-463a-87e1-1b8ffd850e5b-600x600.png 600w, https:\/\/sebastianskorupka.pl\/wp-content\/uploads\/2026\/01\/723ff034-d653-463a-87e1-1b8ffd850e5b.png 1024w\" sizes=\"(max-width: 150px) 100vw, 150px\" \/>\t\t\t\t\t\t\t\t<\/a>\n\t\t\t\t\t\t\t\t\t\t\t\t\t\t\t<\/div>\n\t\t\t\t<\/div>\n\t\t<div class=\"elementor-element elementor-element-ec4d40a e-con-full e-flex e-con e-child\" data-id=\"ec4d40a\" data-element_type=\"container\">\n\t\t\t\t<div class=\"elementor-element elementor-element-85d9bf0 elementor-widget elementor-widget-ekit-nav-menu\" data-id=\"85d9bf0\" data-element_type=\"widget\" data-widget_type=\"ekit-nav-menu.default\">\n\t\t\t\t<div class=\"elementor-widget-container\">\n\t\t\t\t\t\t\t<nav class=\"ekit-wid-con ekit_menu_responsive_tablet\" \n\t\t\tdata-hamburger-icon=\"\" \n\t\t\tdata-hamburger-icon-type=\"icon\" \n\t\t\tdata-responsive-breakpoint=\"1024\">\n\t\t\t            <button class=\"elementskit-menu-hamburger elementskit-menu-toggler\"  type=\"button\" aria-label=\"hamburger-icon\">\n                                    <span class=\"elementskit-menu-hamburger-icon\"><\/span><span class=\"elementskit-menu-hamburger-icon\"><\/span><span class=\"elementskit-menu-hamburger-icon\"><\/span>\n                            <\/button>\n            <div id=\"ekit-megamenu-fitness-trainer-main-menu\" class=\"elementskit-menu-container elementskit-menu-offcanvas-elements elementskit-navbar-nav-default ekit-nav-menu-one-page-yes ekit-nav-dropdown-hover\"><ul id=\"menu-fitness-trainer-main-menu\" class=\"elementskit-navbar-nav elementskit-menu-po-center submenu-click-on-icon\"><li id=\"menu-item-603\" class=\"menu-item menu-item-type-post_type menu-item-object-page menu-item-home menu-item-603 nav-item elementskit-mobile-builder-content\" data-vertical-menu=750px><a href=\"https:\/\/sebastianskorupka.pl\/\" class=\"ekit-menu-nav-link\">STRONA G\u0141\u00d3WNA<\/a><\/li>\n<li id=\"menu-item-612\" class=\"menu-item menu-item-type-post_type menu-item-object-page menu-item-612 nav-item elementskit-mobile-builder-content\" data-vertical-menu=750px><a href=\"https:\/\/sebastianskorupka.pl\/index.php\/oferta\/\" class=\"ekit-menu-nav-link\">OFERTA<\/a><\/li>\n<li id=\"menu-item-601\" class=\"menu-item menu-item-type-post_type menu-item-object-page menu-item-601 nav-item elementskit-mobile-builder-content\" data-vertical-menu=750px><a href=\"https:\/\/sebastianskorupka.pl\/index.php\/o-mnie\/\" class=\"ekit-menu-nav-link\">O NAS<\/a><\/li>\n<li id=\"menu-item-602\" class=\"menu-item menu-item-type-post_type menu-item-object-page menu-item-602 nav-item elementskit-mobile-builder-content\" data-vertical-menu=750px><a href=\"https:\/\/sebastianskorupka.pl\/index.php\/kontakt\/\" class=\"ekit-menu-nav-link\">KONTAKT<\/a><\/li>\n<li id=\"menu-item-1175\" class=\"menu-item menu-item-type-post_type menu-item-object-page menu-item-1175 nav-item elementskit-mobile-builder-content\" data-vertical-menu=750px><a href=\"https:\/\/sebastianskorupka.pl\/index.php\/bezpieczenstwo\/\" class=\"ekit-menu-nav-link\">BEZPIECZE\u0143STWO<\/a><\/li>\n<\/ul><div class=\"elementskit-nav-identity-panel\"><button class=\"elementskit-menu-close elementskit-menu-toggler\" type=\"button\">X<\/button><\/div><\/div>\t\t\t\n\t\t\t<div class=\"elementskit-menu-overlay elementskit-menu-offcanvas-elements elementskit-menu-toggler ekit-nav-menu--overlay\"><\/div>        <\/nav>\n\t\t\t\t\t\t<\/div>\n\t\t\t\t<\/div>\n\t\t\t\t<\/div>\n\t\t\t\t\t<\/div>\n\t\t\t\t<\/div>\n\t\t<div class=\"elementor-element elementor-element-723ac20 e-flex e-con-boxed e-con e-parent\" data-id=\"723ac20\" data-element_type=\"container\" data-settings=\"{&quot;background_background&quot;:&quot;classic&quot;}\">\n\t\t\t\t\t<div class=\"e-con-inner\">\n\t\t\t\t<div class=\"elementor-element elementor-element-815a85d elementor-widget elementor-widget-heading\" data-id=\"815a85d\" data-element_type=\"widget\" data-widget_type=\"heading.default\">\n\t\t\t\t\t<h2 class=\"elementor-heading-title elementor-size-default\">WARSZTATY I ANIMACJE<br>CYRKOWE<\/h2>\t\t\t\t<\/div>\n\t\t\t\t\t<\/div>\n\t\t\t\t<\/div>\n\t\t<div class=\"elementor-element elementor-element-f2847ae e-flex e-con-boxed e-con e-parent\" data-id=\"f2847ae\" data-element_type=\"container\" data-settings=\"{&quot;background_background&quot;:&quot;classic&quot;}\">\n\t\t\t\t\t<div class=\"e-con-inner\">\n\t\t\t\t<div class=\"elementor-element elementor-element-521c2d0 elementor-widget elementor-widget-text-editor\" data-id=\"521c2d0\" data-element_type=\"widget\" data-widget_type=\"text-editor.default\">\n\t\t\t\t\t\t\t\t\t<p data-start=\"197\" data-end=\"219\">Animacje eventowe<\/p><p data-start=\"221\" data-end=\"434\">Animacje Skorupka Art to interaktywne i wizualne formy artystyczne realizowane w przestrzeni wydarzenia. Stanowi\u0105 uzupe\u0142nienie programu scenicznego lub funkcjonuj\u0105 jako samodzielna atrakcja anga\u017cuj\u0105ca publiczno\u015b\u0107.<\/p><p data-start=\"436\" data-end=\"567\">Ich celem jest budowanie atmosfery, naturalne o\u017cywienie przestrzeni oraz bezpo\u015bredni, kulturalny kontakt z uczestnikami wydarzenia.<\/p><p data-start=\"569\" data-end=\"728\">Realizacje dopasowujemy do charakteru imprezy, miejsca oraz grupy odbiorc\u00f3w zar\u00f3wno podczas du\u017cych wydarze\u0144 plenerowych, jak i kameralnych spotka\u0144 lokalnych.<\/p><p data-start=\"735\" data-end=\"766\">Dost\u0119pne formy animacyjne<\/p><p data-start=\"768\" data-end=\"785\">Szczudlarz<\/p><p data-start=\"787\" data-end=\"944\">Widowiskowa animacja przestrzeni eventowej. Artysta poruszaj\u0105cy si\u0119 na szczud\u0142ach przyci\u0105ga uwag\u0119, buduje klimat wydarzenia i stanowi silny element wizualny.<\/p><p data-start=\"946\" data-end=\"967\">Sprawdza si\u0119 podczas:<\/p><ul data-start=\"968\" data-end=\"1079\"><li data-start=\"968\" data-end=\"991\"><p data-start=\"970\" data-end=\"991\">festyn\u00f3w i piknik\u00f3w<\/p><\/li><li data-start=\"992\" data-end=\"1012\"><p data-start=\"994\" data-end=\"1012\">dni miejscowo\u015bci<\/p><\/li><li data-start=\"1013\" data-end=\"1035\"><p data-start=\"1015\" data-end=\"1035\">wydarze\u0144 miejskich<\/p><\/li><li data-start=\"1036\" data-end=\"1054\"><p data-start=\"1038\" data-end=\"1054\">parad i otwar\u0107<\/p><\/li><li data-start=\"1055\" data-end=\"1079\"><p data-start=\"1057\" data-end=\"1079\">dzia\u0142a\u0144 promocyjnych<\/p><\/li><\/ul><p data-start=\"1081\" data-end=\"1183\">Forma szczeg\u00f3lnie atrakcyjna wizualnie ch\u0119tnie wykorzystywana do zdj\u0119\u0107 i interakcji z publiczno\u015bci\u0105.<\/p><p data-start=\"1190\" data-end=\"1228\">\u017bongler kontaktowy \/ animacyjny<\/p><p data-start=\"1230\" data-end=\"1369\">\u017bongler realizuj\u0105cy kr\u00f3tkie pokazy w przestrzeni wydarzenia lub pracuj\u0105cy w formule \u201echodzonej\u201d w bezpo\u015brednim kontakcie z publiczno\u015bci\u0105.<\/p><p data-start=\"1371\" data-end=\"1394\">Mo\u017ce funkcjonowa\u0107 jako:<\/p><ul data-start=\"1395\" data-end=\"1539\"><li data-start=\"1395\" data-end=\"1438\"><p data-start=\"1397\" data-end=\"1438\">\u017cywa atrakcja pomi\u0119dzy blokami programu<\/p><\/li><li data-start=\"1439\" data-end=\"1484\"><p data-start=\"1441\" data-end=\"1484\">element wizualny w strefach rekreacyjnych<\/p><\/li><li data-start=\"1485\" data-end=\"1539\"><p data-start=\"1487\" data-end=\"1539\">subtelna forma animacji podczas wydarze\u0144 firmowych<\/p><\/li><\/ul><p data-start=\"1541\" data-end=\"1583\">Forma elegancka, nienachalna i estetyczna.<\/p><p data-start=\"1590\" data-end=\"1625\">Pantomima \/ posta\u0107 sceniczna<\/p><p data-start=\"1627\" data-end=\"1769\">Animacja oparta na pracy z ruchem i mimik\u0105, realizowana w konwencji postaci scenicznej. Forma bez s\u0142\u00f3w, czytelna dla odbiorc\u00f3w w ka\u017cdym wieku.<\/p><p data-start=\"1771\" data-end=\"1789\">Sprawdza si\u0119 jako:<\/p><ul data-start=\"1790\" data-end=\"1884\"><li data-start=\"1790\" data-end=\"1821\"><p data-start=\"1792\" data-end=\"1821\">element otwarcia wydarzenia<\/p><\/li><li data-start=\"1822\" data-end=\"1846\"><p data-start=\"1824\" data-end=\"1846\">animacja przestrzeni<\/p><\/li><li data-start=\"1847\" data-end=\"1884\"><p data-start=\"1849\" data-end=\"1884\">urozmaicenie programu plenerowego<\/p><\/li><\/ul><p data-start=\"1886\" data-end=\"1986\">Mo\u017cliwa realizacja w dopasowanej stylistyce (klasyczna, neutralna, dopasowana do tematu wydarzenia).<\/p><p data-start=\"1993\" data-end=\"2036\">Warsztaty cyrkowe &#8211; animacja aktywna<\/p><p data-start=\"2038\" data-end=\"2192\">Interaktywna forma animacji polegaj\u0105ca na wprowadzeniu uczestnik\u00f3w w podstawy technik cyrkowych (\u017conglerka, talerze cyrkowe, diabolo, podstawy r\u00f3wnowagi).<\/p><p data-start=\"2194\" data-end=\"2210\">Charakterystyka:<\/p><ul data-start=\"2211\" data-end=\"2374\"><li data-start=\"2211\" data-end=\"2252\"><p data-start=\"2213\" data-end=\"2252\">forma otwarta lub w blokach czasowych<\/p><\/li><li data-start=\"2253\" data-end=\"2290\"><p data-start=\"2255\" data-end=\"2290\">dostosowanie do wieku uczestnik\u00f3w<\/p><\/li><li data-start=\"2291\" data-end=\"2323\"><p data-start=\"2293\" data-end=\"2323\">bezpieczny sprz\u0119t treningowy<\/p><\/li><li data-start=\"2324\" data-end=\"2374\"><p data-start=\"2326\" data-end=\"2374\">mo\u017cliwo\u015b\u0107 prowadzenia r\u00f3wnolegle z wydarzeniem<\/p><\/li><\/ul><p data-start=\"2376\" data-end=\"2472\">Warsztaty sprzyjaj\u0105 integracji, aktywno\u015bci ruchowej i budowaniu pozytywnej atmosfery wydarzenia.<\/p>\t\t\t\t\t\t\t\t<\/div>\n\t\t\t\t<div class=\"elementor-element elementor-element-ef47598 elementor-widget elementor-widget-video\" data-id=\"ef47598\" data-element_type=\"widget\" data-settings=\"{&quot;youtube_url&quot;:&quot;https:\\\/\\\/youtube.com\\\/shorts\\\/I4id0aVEGMw?feature=share&quot;,&quot;video_type&quot;:&quot;youtube&quot;,&quot;controls&quot;:&quot;yes&quot;}\" data-widget_type=\"video.default\">\n\t\t\t\t\t\t\t<div class=\"elementor-wrapper elementor-open-inline\">\n\t\t\t<div class=\"elementor-video\"><\/div>\t\t<\/div>\n\t\t\t\t\t\t<\/div>\n\t\t\t\t\t<\/div>\n\t\t\t\t<\/div>\n\t\t<div class=\"elementor-element elementor-element-f28ab5c e-flex e-con-boxed e-con e-parent\" data-id=\"f28ab5c\" data-element_type=\"container\" data-settings=\"{&quot;background_background&quot;:&quot;classic&quot;}\">\n\t\t\t\t\t<div class=\"e-con-inner\">\n\t\t\t\t<div class=\"elementor-element elementor-element-0d1fe7c elementor-widget elementor-widget-video\" data-id=\"0d1fe7c\" data-element_type=\"widget\" data-settings=\"{&quot;youtube_url&quot;:&quot;https:\\\/\\\/youtube.com\\\/shorts\\\/sZy6uK5HSBA?feature=share&quot;,&quot;video_type&quot;:&quot;youtube&quot;,&quot;controls&quot;:&quot;yes&quot;}\" data-widget_type=\"video.default\">\n\t\t\t\t\t\t\t<div class=\"elementor-wrapper elementor-open-inline\">\n\t\t\t<div class=\"elementor-video\"><\/div>\t\t<\/div>\n\t\t\t\t\t\t<\/div>\n\t\t\t\t<div class=\"elementor-element elementor-element-a15a138 elementor-widget elementor-widget-eael-svg-draw\" data-id=\"a15a138\" data-element_type=\"widget\" data-widget_type=\"eael-svg-draw.default\">\n\t\t\t\t\t<div class=\"eael-svg-draw-container page-load \" data-settings=\"{&quot;fill_type&quot;:&quot;none&quot;,&quot;fill_color&quot;:null,&quot;start_point&quot;:&quot;95%&quot;,&quot;end_point&quot;:&quot;10%&quot;,&quot;marker&quot;:false,&quot;loop&quot;:&quot;yes&quot;,&quot;loop_delay&quot;:1.5,&quot;pause&quot;:&quot;no&quot;,&quot;direction&quot;:&quot;reverse&quot;,&quot;excludeStyle&quot;:&quot;yes&quot;,&quot;transition&quot;:&quot;1&quot;,&quot;stroke_length&quot;:100,&quot;ease_type&quot;:&quot;none&quot;,&quot;speed&quot;:1}\"><svg class='svg-inline--fas-fa-fire  eael-svg-icon' aria-hidden='true' role='img' xmlns='http:\/\/www.w3.org\/2000\/svg' viewBox='0 0 384 512'><path fill='' d='M216 23.86c0-23.8-30.65-32.77-44.15-13.04C48 191.85 224 200 224 288c0 35.63-29.11 64.46-64.85 63.99-35.17-.45-63.15-29.77-63.15-64.94v-85.51c0-21.7-26.47-32.23-41.43-16.5C27.8 213.16 0 261.33 0 320c0 105.87 86.13 192 192 192s192-86.13 192-192c0-170.29-168-193-168-296.14z'><\/path><\/svg> <\/div>\t\t\t\t<\/div>\n\t\t\t\t\t<\/div>\n\t\t\t\t<\/div>\n\t\t<div class=\"elementor-element elementor-element-59f22fd e-flex e-con-boxed e-con e-parent\" data-id=\"59f22fd\" data-element_type=\"container\" data-settings=\"{&quot;background_background&quot;:&quot;classic&quot;}\">\n\t\t\t\t\t<div class=\"e-con-inner\">\n\t\t\t\t<div class=\"elementor-element elementor-element-83746f9 elementor-absolute elementor-widget elementor-widget-ekit-nav-menu\" data-id=\"83746f9\" data-element_type=\"widget\" data-settings=\"{&quot;_position&quot;:&quot;absolute&quot;}\" data-widget_type=\"ekit-nav-menu.default\">\n\t\t\t\t<div class=\"elementor-widget-container\">\n\t\t\t\t\t\t\t<nav class=\"ekit-wid-con ekit_menu_responsive_tablet\" \n\t\t\tdata-hamburger-icon=\"\" \n\t\t\tdata-hamburger-icon-type=\"icon\" \n\t\t\tdata-responsive-breakpoint=\"1024\">\n\t\t\t            <button class=\"elementskit-menu-hamburger elementskit-menu-toggler\"  type=\"button\" aria-label=\"hamburger-icon\">\n                                    <span class=\"elementskit-menu-hamburger-icon\"><\/span><span class=\"elementskit-menu-hamburger-icon\"><\/span><span class=\"elementskit-menu-hamburger-icon\"><\/span>\n                            <\/button>\n            <div id=\"ekit-megamenu-fitness-trainer-main-menu\" class=\"elementskit-menu-container elementskit-menu-offcanvas-elements elementskit-navbar-nav-default ekit-nav-menu-one-page-yes ekit-nav-dropdown-hover\"><ul id=\"menu-fitness-trainer-main-menu-1\" class=\"elementskit-navbar-nav elementskit-menu-po-center submenu-click-on-icon\"><li class=\"menu-item menu-item-type-post_type menu-item-object-page menu-item-home menu-item-603 nav-item elementskit-mobile-builder-content\" data-vertical-menu=750px><a href=\"https:\/\/sebastianskorupka.pl\/\" class=\"ekit-menu-nav-link\">STRONA G\u0141\u00d3WNA<\/a><\/li>\n<li class=\"menu-item menu-item-type-post_type menu-item-object-page menu-item-612 nav-item elementskit-mobile-builder-content\" data-vertical-menu=750px><a href=\"https:\/\/sebastianskorupka.pl\/index.php\/oferta\/\" class=\"ekit-menu-nav-link\">OFERTA<\/a><\/li>\n<li class=\"menu-item menu-item-type-post_type menu-item-object-page menu-item-601 nav-item elementskit-mobile-builder-content\" data-vertical-menu=750px><a href=\"https:\/\/sebastianskorupka.pl\/index.php\/o-mnie\/\" class=\"ekit-menu-nav-link\">O NAS<\/a><\/li>\n<li class=\"menu-item menu-item-type-post_type menu-item-object-page menu-item-602 nav-item elementskit-mobile-builder-content\" data-vertical-menu=750px><a href=\"https:\/\/sebastianskorupka.pl\/index.php\/kontakt\/\" class=\"ekit-menu-nav-link\">KONTAKT<\/a><\/li>\n<li class=\"menu-item menu-item-type-post_type menu-item-object-page menu-item-1175 nav-item elementskit-mobile-builder-content\" data-vertical-menu=750px><a href=\"https:\/\/sebastianskorupka.pl\/index.php\/bezpieczenstwo\/\" class=\"ekit-menu-nav-link\">BEZPIECZE\u0143STWO<\/a><\/li>\n<\/ul><div class=\"elementskit-nav-identity-panel\"><button class=\"elementskit-menu-close elementskit-menu-toggler\" type=\"button\">X<\/button><\/div><\/div>\t\t\t\n\t\t\t<div class=\"elementskit-menu-overlay elementskit-menu-offcanvas-elements elementskit-menu-toggler ekit-nav-menu--overlay\"><\/div>        <\/nav>\n\t\t\t\t\t\t<\/div>\n\t\t\t\t<\/div>\n\t\t\t\t\t<\/div>\n\t\t\t\t<\/div>\n\t\t<div class=\"elementor-element elementor-element-dbd05a6 e-flex e-con-boxed e-con e-parent\" data-id=\"dbd05a6\" data-element_type=\"container\" data-settings=\"{&quot;background_background&quot;:&quot;classic&quot;}\">\n\t\t\t\t\t<div class=\"e-con-inner\">\n\t\t\t\t<div class=\"elementor-element elementor-element-ab27623 elementor-widget elementor-widget-copyright\" data-id=\"ab27623\" data-element_type=\"widget\" data-widget_type=\"copyright.default\">\n\t\t\t\t<div class=\"elementor-widget-container\">\n\t\t\t\t\t\t\t<div class=\"hfe-copyright-wrapper\">\n\t\t\t\t\t\t\t<span>Copyright \u00a9 2026 Skorupka ART - Atrakcje eventowe | Powered by Skorupka ART - Atrakcje eventowe<\/span>\n\t\t\t\t\t<\/div>\n\t\t\t\t\t\t<\/div>\n\t\t\t\t<\/div>\n\t\t\t\t\t<\/div>\n\t\t\t\t<\/div>\n\t\t\t\t<\/div>\n\t\t\n    <div class=\"xs_social_share_widget xs_share_url after_content \t\tmain_content  wslu-style-1 wslu-share-box-shaped wslu-fill-colored wslu-none wslu-share-horizontal wslu-theme-font-no wslu-main_content\">\n\n\t\t\n        <ul>\n\t\t\t        <\/ul>\n    <\/div> \n","protected":false},"excerpt":{"rendered":"<p>Strona g\u0142\u00f3wna OFERTA O NAS KONTAKT X WARSZTATY I ANIMACJECYRKOWE Animacje eventowe Animacje Skorupka Art to interaktywne i wizualne formy artystyczne realizowane w przestrzeni wydarzenia. Stanowi\u0105 uzupe\u0142nienie programu scenicznego lub funkcjonuj\u0105 jako samodzielna atrakcja anga\u017cuj\u0105ca publiczno\u015b\u0107. Ich celem jest budowanie atmosfery, naturalne o\u017cywienie przestrzeni oraz bezpo\u015bredni, kulturalny kontakt z uczestnikami wydarzenia. Realizacje dopasowujemy do charakteru [&hellip;]<\/p>\n","protected":false},"author":1,"featured_media":0,"parent":0,"menu_order":0,"comment_status":"closed","ping_status":"closed","template":"elementor_canvas","meta":{"_themeisle_gutenberg_block_has_review":false,"footnotes":""},"class_list":["post-545","page","type-page","status-publish","hentry","entry"],"_links":{"self":[{"href":"https:\/\/sebastianskorupka.pl\/index.php\/wp-json\/wp\/v2\/pages\/545","targetHints":{"allow":["GET"]}}],"collection":[{"href":"https:\/\/sebastianskorupka.pl\/index.php\/wp-json\/wp\/v2\/pages"}],"about":[{"href":"https:\/\/sebastianskorupka.pl\/index.php\/wp-json\/wp\/v2\/types\/page"}],"author":[{"embeddable":true,"href":"https:\/\/sebastianskorupka.pl\/index.php\/wp-json\/wp\/v2\/users\/1"}],"replies":[{"embeddable":true,"href":"https:\/\/sebastianskorupka.pl\/index.php\/wp-json\/wp\/v2\/comments?post=545"}],"version-history":[{"count":35,"href":"https:\/\/sebastianskorupka.pl\/index.php\/wp-json\/wp\/v2\/pages\/545\/revisions"}],"predecessor-version":[{"id":1134,"href":"https:\/\/sebastianskorupka.pl\/index.php\/wp-json\/wp\/v2\/pages\/545\/revisions\/1134"}],"wp:attachment":[{"href":"https:\/\/sebastianskorupka.pl\/index.php\/wp-json\/wp\/v2\/media?parent=545"}],"curies":[{"name":"wp","href":"https:\/\/api.w.org\/{rel}","templated":true}]}}