{"id":516,"date":"2025-07-26T14:21:49","date_gmt":"2025-07-26T14:21:49","guid":{"rendered":"https:\/\/sebastianskorupka.pl\/?page_id=516"},"modified":"2026-02-24T15:52:18","modified_gmt":"2026-02-24T15:52:18","slug":"fireshow-pro-2","status":"publish","type":"page","link":"https:\/\/sebastianskorupka.pl\/index.php\/fireshow-pro-2\/","title":{"rendered":"FIRESHOW PRO"},"content":{"rendered":"\t\t<div data-elementor-type=\"wp-page\" data-elementor-id=\"516\" class=\"elementor elementor-516\">\n\t\t\t\t<div class=\"elementor-element elementor-element-7c158d1 e-flex e-con-boxed e-con e-parent\" data-id=\"7c158d1\" data-element_type=\"container\" data-settings=\"{&quot;background_background&quot;:&quot;classic&quot;}\">\n\t\t\t\t\t<div class=\"e-con-inner\">\n\t\t<div class=\"elementor-element elementor-element-18e9d89 e-con-full e-flex e-con e-child\" data-id=\"18e9d89\" data-element_type=\"container\">\n\t\t\t\t<div class=\"elementor-element elementor-element-8031c9c elementor-widget__width-initial elementor-widget elementor-widget-image\" data-id=\"8031c9c\" data-element_type=\"widget\" data-widget_type=\"image.default\">\n\t\t\t\t\t\t\t\t\t\t\t\t\t\t\t\t<a href=\"https:\/\/sebastianskorupka.pl\/\">\n\t\t\t\t\t\t\t<img decoding=\"async\" width=\"150\" height=\"150\" src=\"https:\/\/sebastianskorupka.pl\/wp-content\/uploads\/2026\/01\/723ff034-d653-463a-87e1-1b8ffd850e5b-150x150.png\" class=\"attachment-thumbnail size-thumbnail wp-image-1047\" alt=\"\" srcset=\"https:\/\/sebastianskorupka.pl\/wp-content\/uploads\/2026\/01\/723ff034-d653-463a-87e1-1b8ffd850e5b-150x150.png 150w, https:\/\/sebastianskorupka.pl\/wp-content\/uploads\/2026\/01\/723ff034-d653-463a-87e1-1b8ffd850e5b-300x300.png 300w, https:\/\/sebastianskorupka.pl\/wp-content\/uploads\/2026\/01\/723ff034-d653-463a-87e1-1b8ffd850e5b-768x768.png 768w, https:\/\/sebastianskorupka.pl\/wp-content\/uploads\/2026\/01\/723ff034-d653-463a-87e1-1b8ffd850e5b-600x600.png 600w, https:\/\/sebastianskorupka.pl\/wp-content\/uploads\/2026\/01\/723ff034-d653-463a-87e1-1b8ffd850e5b.png 1024w\" sizes=\"(max-width: 150px) 100vw, 150px\" \/>\t\t\t\t\t\t\t\t<\/a>\n\t\t\t\t\t\t\t\t\t\t\t\t\t\t\t<\/div>\n\t\t\t\t<\/div>\n\t\t<div class=\"elementor-element elementor-element-2f89e96 e-con-full e-flex e-con e-child\" data-id=\"2f89e96\" data-element_type=\"container\">\n\t\t\t\t<div class=\"elementor-element elementor-element-bda40c2 elementor-widget elementor-widget-ekit-nav-menu\" data-id=\"bda40c2\" data-element_type=\"widget\" data-widget_type=\"ekit-nav-menu.default\">\n\t\t\t\t<div class=\"elementor-widget-container\">\n\t\t\t\t\t\t\t<nav class=\"ekit-wid-con ekit_menu_responsive_tablet\" \n\t\t\tdata-hamburger-icon=\"\" \n\t\t\tdata-hamburger-icon-type=\"icon\" \n\t\t\tdata-responsive-breakpoint=\"1024\">\n\t\t\t            <button class=\"elementskit-menu-hamburger elementskit-menu-toggler\"  type=\"button\" aria-label=\"hamburger-icon\">\n                                    <span class=\"elementskit-menu-hamburger-icon\"><\/span><span class=\"elementskit-menu-hamburger-icon\"><\/span><span class=\"elementskit-menu-hamburger-icon\"><\/span>\n                            <\/button>\n            <div id=\"ekit-megamenu-fitness-trainer-main-menu\" class=\"elementskit-menu-container elementskit-menu-offcanvas-elements elementskit-navbar-nav-default ekit-nav-menu-one-page-yes ekit-nav-dropdown-hover\"><ul id=\"menu-fitness-trainer-main-menu\" class=\"elementskit-navbar-nav elementskit-menu-po-center submenu-click-on-icon\"><li id=\"menu-item-603\" class=\"menu-item menu-item-type-post_type menu-item-object-page menu-item-home menu-item-603 nav-item elementskit-mobile-builder-content\" data-vertical-menu=750px><a href=\"https:\/\/sebastianskorupka.pl\/\" class=\"ekit-menu-nav-link\">STRONA G\u0141\u00d3WNA<\/a><\/li>\n<li id=\"menu-item-612\" class=\"menu-item menu-item-type-post_type menu-item-object-page menu-item-612 nav-item elementskit-mobile-builder-content\" data-vertical-menu=750px><a href=\"https:\/\/sebastianskorupka.pl\/index.php\/oferta\/\" class=\"ekit-menu-nav-link\">OFERTA<\/a><\/li>\n<li id=\"menu-item-601\" class=\"menu-item menu-item-type-post_type menu-item-object-page menu-item-601 nav-item elementskit-mobile-builder-content\" data-vertical-menu=750px><a href=\"https:\/\/sebastianskorupka.pl\/index.php\/o-mnie\/\" class=\"ekit-menu-nav-link\">O NAS<\/a><\/li>\n<li id=\"menu-item-602\" class=\"menu-item menu-item-type-post_type menu-item-object-page menu-item-602 nav-item elementskit-mobile-builder-content\" data-vertical-menu=750px><a href=\"https:\/\/sebastianskorupka.pl\/index.php\/kontakt\/\" class=\"ekit-menu-nav-link\">KONTAKT<\/a><\/li>\n<li id=\"menu-item-1175\" class=\"menu-item menu-item-type-post_type menu-item-object-page menu-item-1175 nav-item elementskit-mobile-builder-content\" data-vertical-menu=750px><a href=\"https:\/\/sebastianskorupka.pl\/index.php\/bezpieczenstwo\/\" class=\"ekit-menu-nav-link\">BEZPIECZE\u0143STWO<\/a><\/li>\n<\/ul><div class=\"elementskit-nav-identity-panel\"><button class=\"elementskit-menu-close elementskit-menu-toggler\" type=\"button\">X<\/button><\/div><\/div>\t\t\t\n\t\t\t<div class=\"elementskit-menu-overlay elementskit-menu-offcanvas-elements elementskit-menu-toggler ekit-nav-menu--overlay\"><\/div>        <\/nav>\n\t\t\t\t\t\t<\/div>\n\t\t\t\t<\/div>\n\t\t\t\t<\/div>\n\t\t\t\t\t<\/div>\n\t\t\t\t<\/div>\n\t\t<div class=\"elementor-element elementor-element-723ac20 e-flex e-con-boxed e-con e-parent\" data-id=\"723ac20\" data-element_type=\"container\" data-settings=\"{&quot;background_background&quot;:&quot;classic&quot;}\">\n\t\t\t\t\t<div class=\"e-con-inner\">\n\t\t\t\t<div class=\"elementor-element elementor-element-815a85d elementor-widget elementor-widget-heading\" data-id=\"815a85d\" data-element_type=\"widget\" data-widget_type=\"heading.default\">\n\t\t\t\t\t<h2 class=\"elementor-heading-title elementor-size-default\">FIRESHOW<\/h2>\t\t\t\t<\/div>\n\t\t\t\t\t<\/div>\n\t\t\t\t<\/div>\n\t\t<div class=\"elementor-element elementor-element-f2847ae e-flex e-con-boxed e-con e-parent\" data-id=\"f2847ae\" data-element_type=\"container\" data-settings=\"{&quot;background_background&quot;:&quot;classic&quot;}\">\n\t\t\t\t\t<div class=\"e-con-inner\">\n\t\t\t\t<div class=\"elementor-element elementor-element-521c2d0 elementor-widget elementor-widget-text-editor\" data-id=\"521c2d0\" data-element_type=\"widget\" data-widget_type=\"text-editor.default\">\n\t\t\t\t\t\t\t\t\t<p data-start=\"177\" data-end=\"191\">Fire Show<\/p><p data-start=\"193\" data-end=\"410\">Fire Show Skorupka Art to profesjonalne pokazy ognia realizowane jako atrakcja artystyczna w programie wydarzenia. Widowiska oparte s\u0105 na precyzji technicznej, kontroli ognia oraz dopracowanej choreografii scenicznej.<\/p><p data-start=\"412\" data-end=\"673\">Ka\u017cdy pokaz przygotowujemy po dok\u0142adnym zapoznaniu si\u0119 z briefem oraz realnymi potrzebami organizatora. Analizujemy charakter wydarzenia, warunki przestrzenne, zaplecze techniczne oraz grup\u0119 odbiorc\u00f3w, aby forma widowiska by\u0142a sp\u00f3jna z rang\u0105 i klimatem imprezy.<\/p><p data-start=\"675\" data-end=\"896\">Realizacja odbywa si\u0119 z zachowaniem obowi\u0105zuj\u0105cych zasad bezpiecze\u0144stwa, przy obecno\u015bci osoby posiadaj\u0105cej kwalifikacje w zakresie BHP i ochrony przeciwpo\u017carowej, odpowiedzialnej za nadz\u00f3r nad procedurami podczas wyst\u0119pu.<\/p><p data-start=\"898\" data-end=\"917\">Mo\u017cliwa realizacja:<\/p><ul data-start=\"918\" data-end=\"1062\"><li data-start=\"918\" data-end=\"974\"><p data-start=\"920\" data-end=\"974\">z u\u017cyciem cichej, bezhukowej pirotechniki scenicznej<\/p><\/li><li data-start=\"975\" data-end=\"1002\"><p data-start=\"977\" data-end=\"1002\">bez u\u017cycia pirotechniki<\/p><\/li><li data-start=\"1003\" data-end=\"1062\"><p data-start=\"1005\" data-end=\"1062\">z dostosowaniem skali pokazu do warunk\u00f3w przestrzennych<\/p><\/li><\/ul><p data-start=\"1069\" data-end=\"1089\">Fire Show SOLO<\/p><p data-start=\"1091\" data-end=\"1152\"><strong data-start=\"1091\" data-end=\"1108\">Czas trwania:<\/strong> ok. 15 minut<br data-start=\"1121\" data-end=\"1124\" \/><strong data-start=\"1124\" data-end=\"1134\">Forma:<\/strong> pokaz plenerowy<\/p><p data-start=\"1154\" data-end=\"1290\">Dynamiczne widowisko realizowane przez jednego artyst\u0119. Pokaz budowany dramaturgicznie od spokojnego wprowadzenia po intensywny fina\u0142.<\/p><p data-start=\"1292\" data-end=\"1323\">Forma sprawdzaj\u0105ca si\u0119 podczas:<\/p><ul data-start=\"1324\" data-end=\"1428\"><li data-start=\"1324\" data-end=\"1355\"><p data-start=\"1326\" data-end=\"1355\">festyn\u00f3w i dni miejscowo\u015bci<\/p><\/li><li data-start=\"1356\" data-end=\"1378\"><p data-start=\"1358\" data-end=\"1378\">wydarze\u0144 firmowych<\/p><\/li><li data-start=\"1379\" data-end=\"1428\"><p data-start=\"1381\" data-end=\"1428\">imprez plenerowych o ograniczonej przestrzeni<\/p><\/li><\/ul><p data-start=\"1430\" data-end=\"1474\">Elastyczna technicznie i czytelna wizualnie.<\/p><p data-start=\"1481\" data-end=\"1501\">Fire Show DUET<\/p><p data-start=\"1503\" data-end=\"1564\"><strong data-start=\"1503\" data-end=\"1520\">Czas trwania:<\/strong> ok. 15 minut<br data-start=\"1533\" data-end=\"1536\" \/><strong data-start=\"1536\" data-end=\"1546\">Forma:<\/strong> pokaz plenerowy<\/p><p data-start=\"1566\" data-end=\"1756\">Pokaz realizowany przez dw\u00f3ch artyst\u00f3w, oparty na synchronizacji i pracy zespo\u0142owej. Wi\u0119ksza dynamika oraz rozbudowana struktura choreograficzna przek\u0142adaj\u0105 si\u0119 na mocniejszy efekt wizualny.<\/p><p data-start=\"1758\" data-end=\"1777\">Rekomendowany przy:<\/p><ul data-start=\"1778\" data-end=\"1877\"><li data-start=\"1778\" data-end=\"1827\"><p data-start=\"1780\" data-end=\"1827\">\u015brednich i wi\u0119kszych wydarzeniach plenerowych<\/p><\/li><li data-start=\"1828\" data-end=\"1850\"><p data-start=\"1830\" data-end=\"1850\">eventach firmowych<\/p><\/li><li data-start=\"1851\" data-end=\"1877\"><p data-start=\"1853\" data-end=\"1877\">wydarzeniach miejskich<\/p><\/li><\/ul><p data-start=\"1884\" data-end=\"1907\">Fire Show GRUPOWE<\/p><p data-start=\"1909\" data-end=\"2045\"><strong data-start=\"1909\" data-end=\"1926\">Czas trwania:<\/strong> ok. 15 minut<br data-start=\"1939\" data-end=\"1942\" \/><strong data-start=\"1942\" data-end=\"1952\">Sk\u0142ad:<\/strong> od 3 artyst\u00f3w (wi\u0119kszy sk\u0142ad ustalany indywidualnie)<br data-start=\"2005\" data-end=\"2008\" \/><strong data-start=\"2008\" data-end=\"2018\">Forma:<\/strong> du\u017ce widowisko plenerowe<\/p><p data-start=\"2047\" data-end=\"2192\">Najbardziej rozbudowana forma w ofercie. R\u00f3wnoczesna praca wielu artyst\u00f3w z p\u0142on\u0105cymi rekwizytami tworzy dynamiczny i efektowny fina\u0142 wydarzenia.<\/p><p data-start=\"2194\" data-end=\"2210\">Charakterystyka:<\/p><ul data-start=\"2211\" data-end=\"2327\"><li data-start=\"2211\" data-end=\"2249\"><p data-start=\"2213\" data-end=\"2249\">wysoka energia i rozmach sceniczny<\/p><\/li><li data-start=\"2250\" data-end=\"2276\"><p data-start=\"2252\" data-end=\"2276\">choreografia zespo\u0142owa<\/p><\/li><li data-start=\"2277\" data-end=\"2327\"><p data-start=\"2279\" data-end=\"2327\">mo\u017cliwo\u015b\u0107 zwi\u0119kszenia skali efekt\u00f3w wizualnych<\/p><\/li><\/ul><p data-start=\"2329\" data-end=\"2398\">Forma szczeg\u00f3lnie polecana jako fina\u0142 wi\u0119kszych wydarze\u0144 plenerowych.<\/p><p data-start=\"223\" data-end=\"245\">Standard realizacji<\/p><p data-start=\"247\" data-end=\"433\">Niezale\u017cnie od wybranej formu\u0142y solo, duet czy pokaz grupowy ka\u017cdy wyst\u0119p realizowany jest z tym samym wysokim standardem wykonania, dba\u0142o\u015bci\u0105 o estetyk\u0119 oraz atrakcyjno\u015b\u0107 widowiska.<\/p><p data-start=\"435\" data-end=\"709\">W ka\u017cdej wersji pokazu wykorzystywane s\u0105 pe\u0142ne efekty wizualne, w tym elementy pirotechniki scenicznej takie jak wiatraki iskier, sztangi iskier oraz inne kontrolowane efekty. Zakres ich u\u017cycia dostosowywany jest do warunk\u00f3w technicznych i przestrzennych wydarzenia.<\/p><p data-start=\"711\" data-end=\"948\">R\u00f3\u017cnice pomi\u0119dzy wariantami dotycz\u0105 przede wszystkim liczby artyst\u00f3w i rozmachu choreografii, natomiast poziom techniczny, kultura sceniczna oraz odpowiedzialno\u015b\u0107 organizacyjna pozostaj\u0105 niezmiennie na tym samym, profesjonalnym poziomie.<\/p><p data-start=\"950\" data-end=\"1027\">Ka\u017cda realizacja traktowana jest jako pe\u0142nowarto\u015bciowe widowisko artystyczne.<\/p>\t\t\t\t\t\t\t\t<\/div>\n\t\t<div class=\"elementor-element elementor-element-30823d4 e-con-full e-flex e-con e-child\" data-id=\"30823d4\" data-element_type=\"container\">\n\t\t\t\t<div class=\"elementor-element elementor-element-94037b0 elementor-widget elementor-widget-video\" data-id=\"94037b0\" data-element_type=\"widget\" data-settings=\"{&quot;youtube_url&quot;:&quot;https:\\\/\\\/youtube.com\\\/shorts\\\/CK2UJGuKjyY?feature=share&quot;,&quot;video_type&quot;:&quot;youtube&quot;,&quot;controls&quot;:&quot;yes&quot;}\" data-widget_type=\"video.default\">\n\t\t\t\t\t\t\t<div class=\"elementor-wrapper elementor-open-inline\">\n\t\t\t<div class=\"elementor-video\"><\/div>\t\t<\/div>\n\t\t\t\t\t\t<\/div>\n\t\t\t\t<\/div>\n\t\t\t\t\t<\/div>\n\t\t\t\t<\/div>\n\t\t<div class=\"elementor-element elementor-element-f0893fa e-flex e-con-boxed e-con e-parent\" data-id=\"f0893fa\" data-element_type=\"container\" data-settings=\"{&quot;background_background&quot;:&quot;classic&quot;}\">\n\t\t\t\t\t<div class=\"e-con-inner\">\n\t\t\t\t<div class=\"elementor-element elementor-element-138aeef elementor-widget elementor-widget-video\" data-id=\"138aeef\" data-element_type=\"widget\" data-settings=\"{&quot;youtube_url&quot;:&quot;https:\\\/\\\/www.youtube.com\\\/shorts\\\/a5KvjjQnxF4&quot;,&quot;video_type&quot;:&quot;youtube&quot;,&quot;controls&quot;:&quot;yes&quot;}\" data-widget_type=\"video.default\">\n\t\t\t\t\t\t\t<div class=\"elementor-wrapper elementor-open-inline\">\n\t\t\t<div class=\"elementor-video\"><\/div>\t\t<\/div>\n\t\t\t\t\t\t<\/div>\n\t\t\t\t<div class=\"elementor-element elementor-element-5da3c35 elementor-widget elementor-widget-video\" data-id=\"5da3c35\" data-element_type=\"widget\" data-settings=\"{&quot;youtube_url&quot;:&quot;https:\\\/\\\/www.youtube.com\\\/shorts\\\/fgVNRWKE64E&quot;,&quot;video_type&quot;:&quot;youtube&quot;,&quot;controls&quot;:&quot;yes&quot;}\" data-widget_type=\"video.default\">\n\t\t\t\t\t\t\t<div class=\"elementor-wrapper elementor-open-inline\">\n\t\t\t<div class=\"elementor-video\"><\/div>\t\t<\/div>\n\t\t\t\t\t\t<\/div>\n\t\t\t\t<div class=\"elementor-element elementor-element-1c3f278 elementor-widget elementor-widget-eael-svg-draw\" data-id=\"1c3f278\" data-element_type=\"widget\" data-widget_type=\"eael-svg-draw.default\">\n\t\t\t\t\t<div class=\"eael-svg-draw-container page-load \" data-settings=\"{&quot;fill_type&quot;:&quot;none&quot;,&quot;fill_color&quot;:null,&quot;start_point&quot;:&quot;95%&quot;,&quot;end_point&quot;:&quot;10%&quot;,&quot;marker&quot;:false,&quot;loop&quot;:&quot;yes&quot;,&quot;loop_delay&quot;:1.5,&quot;pause&quot;:&quot;no&quot;,&quot;direction&quot;:&quot;reverse&quot;,&quot;excludeStyle&quot;:&quot;yes&quot;,&quot;transition&quot;:&quot;1&quot;,&quot;stroke_length&quot;:100,&quot;ease_type&quot;:&quot;none&quot;,&quot;speed&quot;:1}\"><svg class='svg-inline--fas-fa-fire  eael-svg-icon' aria-hidden='true' role='img' xmlns='http:\/\/www.w3.org\/2000\/svg' viewBox='0 0 384 512'><path fill='' d='M216 23.86c0-23.8-30.65-32.77-44.15-13.04C48 191.85 224 200 224 288c0 35.63-29.11 64.46-64.85 63.99-35.17-.45-63.15-29.77-63.15-64.94v-85.51c0-21.7-26.47-32.23-41.43-16.5C27.8 213.16 0 261.33 0 320c0 105.87 86.13 192 192 192s192-86.13 192-192c0-170.29-168-193-168-296.14z'><\/path><\/svg> <\/div>\t\t\t\t<\/div>\n\t\t\t\t\t<\/div>\n\t\t\t\t<\/div>\n\t\t<div class=\"elementor-element elementor-element-d320aa8 e-flex e-con-boxed e-con e-parent\" data-id=\"d320aa8\" data-element_type=\"container\" data-settings=\"{&quot;background_background&quot;:&quot;classic&quot;}\">\n\t\t\t\t\t<div class=\"e-con-inner\">\n\t\t\t\t<div class=\"elementor-element elementor-element-a989cd7 elementor-absolute elementor-widget elementor-widget-ekit-nav-menu\" data-id=\"a989cd7\" data-element_type=\"widget\" data-settings=\"{&quot;_position&quot;:&quot;absolute&quot;}\" data-widget_type=\"ekit-nav-menu.default\">\n\t\t\t\t<div class=\"elementor-widget-container\">\n\t\t\t\t\t\t\t<nav class=\"ekit-wid-con ekit_menu_responsive_tablet\" \n\t\t\tdata-hamburger-icon=\"\" \n\t\t\tdata-hamburger-icon-type=\"icon\" \n\t\t\tdata-responsive-breakpoint=\"1024\">\n\t\t\t            <button class=\"elementskit-menu-hamburger elementskit-menu-toggler\"  type=\"button\" aria-label=\"hamburger-icon\">\n                                    <span class=\"elementskit-menu-hamburger-icon\"><\/span><span class=\"elementskit-menu-hamburger-icon\"><\/span><span class=\"elementskit-menu-hamburger-icon\"><\/span>\n                            <\/button>\n            <div id=\"ekit-megamenu-fitness-trainer-main-menu\" class=\"elementskit-menu-container elementskit-menu-offcanvas-elements elementskit-navbar-nav-default ekit-nav-menu-one-page-yes ekit-nav-dropdown-hover\"><ul id=\"menu-fitness-trainer-main-menu-1\" class=\"elementskit-navbar-nav elementskit-menu-po-center submenu-click-on-icon\"><li class=\"menu-item menu-item-type-post_type menu-item-object-page menu-item-home menu-item-603 nav-item elementskit-mobile-builder-content\" data-vertical-menu=750px><a href=\"https:\/\/sebastianskorupka.pl\/\" class=\"ekit-menu-nav-link\">STRONA G\u0141\u00d3WNA<\/a><\/li>\n<li class=\"menu-item menu-item-type-post_type menu-item-object-page menu-item-612 nav-item elementskit-mobile-builder-content\" data-vertical-menu=750px><a href=\"https:\/\/sebastianskorupka.pl\/index.php\/oferta\/\" class=\"ekit-menu-nav-link\">OFERTA<\/a><\/li>\n<li class=\"menu-item menu-item-type-post_type menu-item-object-page menu-item-601 nav-item elementskit-mobile-builder-content\" data-vertical-menu=750px><a href=\"https:\/\/sebastianskorupka.pl\/index.php\/o-mnie\/\" class=\"ekit-menu-nav-link\">O NAS<\/a><\/li>\n<li class=\"menu-item menu-item-type-post_type menu-item-object-page menu-item-602 nav-item elementskit-mobile-builder-content\" data-vertical-menu=750px><a href=\"https:\/\/sebastianskorupka.pl\/index.php\/kontakt\/\" class=\"ekit-menu-nav-link\">KONTAKT<\/a><\/li>\n<li class=\"menu-item menu-item-type-post_type menu-item-object-page menu-item-1175 nav-item elementskit-mobile-builder-content\" data-vertical-menu=750px><a href=\"https:\/\/sebastianskorupka.pl\/index.php\/bezpieczenstwo\/\" class=\"ekit-menu-nav-link\">BEZPIECZE\u0143STWO<\/a><\/li>\n<\/ul><div class=\"elementskit-nav-identity-panel\"><button class=\"elementskit-menu-close elementskit-menu-toggler\" type=\"button\">X<\/button><\/div><\/div>\t\t\t\n\t\t\t<div class=\"elementskit-menu-overlay elementskit-menu-offcanvas-elements elementskit-menu-toggler ekit-nav-menu--overlay\"><\/div>        <\/nav>\n\t\t\t\t\t\t<\/div>\n\t\t\t\t<\/div>\n\t\t\t\t\t<\/div>\n\t\t\t\t<\/div>\n\t\t<div class=\"elementor-element elementor-element-2bdc34c e-flex e-con-boxed e-con e-parent\" data-id=\"2bdc34c\" data-element_type=\"container\" data-settings=\"{&quot;background_background&quot;:&quot;classic&quot;}\">\n\t\t\t\t\t<div class=\"e-con-inner\">\n\t\t\t\t<div class=\"elementor-element elementor-element-e06d885 elementor-widget elementor-widget-copyright\" data-id=\"e06d885\" data-element_type=\"widget\" data-widget_type=\"copyright.default\">\n\t\t\t\t<div class=\"elementor-widget-container\">\n\t\t\t\t\t\t\t<div class=\"hfe-copyright-wrapper\">\n\t\t\t\t\t\t\t<span>Copyright \u00a9 2026 Skorupka ART - Atrakcje eventowe | Powered by Skorupka ART - Atrakcje eventowe<\/span>\n\t\t\t\t\t<\/div>\n\t\t\t\t\t\t<\/div>\n\t\t\t\t<\/div>\n\t\t\t\t\t<\/div>\n\t\t\t\t<\/div>\n\t\t\t\t<\/div>\n\t\t\n    <div class=\"xs_social_share_widget xs_share_url after_content \t\tmain_content  wslu-style-1 wslu-share-box-shaped wslu-fill-colored wslu-none wslu-share-horizontal wslu-theme-font-no wslu-main_content\">\n\n\t\t\n        <ul>\n\t\t\t        <\/ul>\n    <\/div> \n","protected":false},"excerpt":{"rendered":"<p>Strona g\u0142\u00f3wna OFERTA O NAS KONTAKT X FIRESHOW Fire Show Fire Show Skorupka Art to profesjonalne pokazy ognia realizowane jako atrakcja artystyczna w programie wydarzenia. Widowiska oparte s\u0105 na precyzji technicznej, kontroli ognia oraz dopracowanej choreografii scenicznej. Ka\u017cdy pokaz przygotowujemy po dok\u0142adnym zapoznaniu si\u0119 z briefem oraz realnymi potrzebami organizatora. Analizujemy charakter wydarzenia, warunki przestrzenne, [&hellip;]<\/p>\n","protected":false},"author":1,"featured_media":0,"parent":0,"menu_order":0,"comment_status":"closed","ping_status":"closed","template":"elementor_canvas","meta":{"_themeisle_gutenberg_block_has_review":false,"footnotes":""},"class_list":["post-516","page","type-page","status-publish","hentry","entry"],"_links":{"self":[{"href":"https:\/\/sebastianskorupka.pl\/index.php\/wp-json\/wp\/v2\/pages\/516","targetHints":{"allow":["GET"]}}],"collection":[{"href":"https:\/\/sebastianskorupka.pl\/index.php\/wp-json\/wp\/v2\/pages"}],"about":[{"href":"https:\/\/sebastianskorupka.pl\/index.php\/wp-json\/wp\/v2\/types\/page"}],"author":[{"embeddable":true,"href":"https:\/\/sebastianskorupka.pl\/index.php\/wp-json\/wp\/v2\/users\/1"}],"replies":[{"embeddable":true,"href":"https:\/\/sebastianskorupka.pl\/index.php\/wp-json\/wp\/v2\/comments?post=516"}],"version-history":[{"count":53,"href":"https:\/\/sebastianskorupka.pl\/index.php\/wp-json\/wp\/v2\/pages\/516\/revisions"}],"predecessor-version":[{"id":1145,"href":"https:\/\/sebastianskorupka.pl\/index.php\/wp-json\/wp\/v2\/pages\/516\/revisions\/1145"}],"wp:attachment":[{"href":"https:\/\/sebastianskorupka.pl\/index.php\/wp-json\/wp\/v2\/media?parent=516"}],"curies":[{"name":"wp","href":"https:\/\/api.w.org\/{rel}","templated":true}]}}