{"id":327,"date":"2025-07-21T17:18:41","date_gmt":"2025-07-21T17:18:41","guid":{"rendered":"https:\/\/sebastianskorupka.pl\/?page_id=327"},"modified":"2026-02-24T16:07:44","modified_gmt":"2026-02-24T16:07:44","slug":"kontakt","status":"publish","type":"page","link":"https:\/\/sebastianskorupka.pl\/index.php\/kontakt\/","title":{"rendered":"KONTAKT"},"content":{"rendered":"\t\t<div data-elementor-type=\"wp-page\" data-elementor-id=\"327\" class=\"elementor elementor-327\">\n\t\t\t\t<div class=\"elementor-element elementor-element-37e2b23 e-flex e-con-boxed e-con e-parent\" data-id=\"37e2b23\" data-element_type=\"container\" data-settings=\"{&quot;background_background&quot;:&quot;classic&quot;}\">\n\t\t\t\t\t<div class=\"e-con-inner\">\n\t\t<div class=\"elementor-element elementor-element-7525b9d e-con-full e-flex e-con e-child\" data-id=\"7525b9d\" data-element_type=\"container\">\n\t\t\t\t<div class=\"elementor-element elementor-element-8aa9299 elementor-widget__width-initial elementor-widget elementor-widget-image\" data-id=\"8aa9299\" data-element_type=\"widget\" data-widget_type=\"image.default\">\n\t\t\t\t\t\t\t\t\t\t\t\t\t\t\t\t<a href=\"https:\/\/sebastianskorupka.pl\/\">\n\t\t\t\t\t\t\t<img decoding=\"async\" width=\"150\" height=\"150\" src=\"https:\/\/sebastianskorupka.pl\/wp-content\/uploads\/2026\/01\/723ff034-d653-463a-87e1-1b8ffd850e5b-150x150.png\" class=\"attachment-thumbnail size-thumbnail wp-image-1047\" alt=\"\" srcset=\"https:\/\/sebastianskorupka.pl\/wp-content\/uploads\/2026\/01\/723ff034-d653-463a-87e1-1b8ffd850e5b-150x150.png 150w, https:\/\/sebastianskorupka.pl\/wp-content\/uploads\/2026\/01\/723ff034-d653-463a-87e1-1b8ffd850e5b-300x300.png 300w, https:\/\/sebastianskorupka.pl\/wp-content\/uploads\/2026\/01\/723ff034-d653-463a-87e1-1b8ffd850e5b-768x768.png 768w, https:\/\/sebastianskorupka.pl\/wp-content\/uploads\/2026\/01\/723ff034-d653-463a-87e1-1b8ffd850e5b-600x600.png 600w, https:\/\/sebastianskorupka.pl\/wp-content\/uploads\/2026\/01\/723ff034-d653-463a-87e1-1b8ffd850e5b.png 1024w\" sizes=\"(max-width: 150px) 100vw, 150px\" \/>\t\t\t\t\t\t\t\t<\/a>\n\t\t\t\t\t\t\t\t\t\t\t\t\t\t\t<\/div>\n\t\t\t\t<\/div>\n\t\t<div class=\"elementor-element elementor-element-5cddd14 e-con-full e-flex e-con e-child\" data-id=\"5cddd14\" data-element_type=\"container\">\n\t\t\t\t<div class=\"elementor-element elementor-element-aa95eaf elementor-widget elementor-widget-ekit-nav-menu\" data-id=\"aa95eaf\" data-element_type=\"widget\" data-widget_type=\"ekit-nav-menu.default\">\n\t\t\t\t<div class=\"elementor-widget-container\">\n\t\t\t\t\t\t\t<nav class=\"ekit-wid-con ekit_menu_responsive_tablet\" \n\t\t\tdata-hamburger-icon=\"\" \n\t\t\tdata-hamburger-icon-type=\"icon\" \n\t\t\tdata-responsive-breakpoint=\"1024\">\n\t\t\t            <button class=\"elementskit-menu-hamburger elementskit-menu-toggler\"  type=\"button\" aria-label=\"hamburger-icon\">\n                                    <span class=\"elementskit-menu-hamburger-icon\"><\/span><span class=\"elementskit-menu-hamburger-icon\"><\/span><span class=\"elementskit-menu-hamburger-icon\"><\/span>\n                            <\/button>\n            <div id=\"ekit-megamenu-fitness-trainer-main-menu\" class=\"elementskit-menu-container elementskit-menu-offcanvas-elements elementskit-navbar-nav-default ekit-nav-menu-one-page- ekit-nav-dropdown-click\"><ul id=\"menu-fitness-trainer-main-menu\" class=\"elementskit-navbar-nav elementskit-menu-po-center submenu-click-on-icon\"><li id=\"menu-item-603\" class=\"menu-item menu-item-type-post_type menu-item-object-page menu-item-home menu-item-603 nav-item elementskit-mobile-builder-content\" data-vertical-menu=750px><a href=\"https:\/\/sebastianskorupka.pl\/\" class=\"ekit-menu-nav-link\">STRONA G\u0141\u00d3WNA<\/a><\/li>\n<li id=\"menu-item-612\" class=\"menu-item menu-item-type-post_type menu-item-object-page menu-item-612 nav-item elementskit-mobile-builder-content\" data-vertical-menu=750px><a href=\"https:\/\/sebastianskorupka.pl\/index.php\/oferta\/\" class=\"ekit-menu-nav-link\">OFERTA<\/a><\/li>\n<li id=\"menu-item-601\" class=\"menu-item menu-item-type-post_type menu-item-object-page menu-item-601 nav-item elementskit-mobile-builder-content\" data-vertical-menu=750px><a href=\"https:\/\/sebastianskorupka.pl\/index.php\/o-mnie\/\" class=\"ekit-menu-nav-link\">O NAS<\/a><\/li>\n<li id=\"menu-item-602\" class=\"menu-item menu-item-type-post_type menu-item-object-page menu-item-602 nav-item elementskit-mobile-builder-content\" data-vertical-menu=750px><a href=\"https:\/\/sebastianskorupka.pl\/index.php\/kontakt\/\" class=\"ekit-menu-nav-link\">KONTAKT<\/a><\/li>\n<li id=\"menu-item-1175\" class=\"menu-item menu-item-type-post_type menu-item-object-page menu-item-1175 nav-item elementskit-mobile-builder-content\" data-vertical-menu=750px><a href=\"https:\/\/sebastianskorupka.pl\/index.php\/bezpieczenstwo\/\" class=\"ekit-menu-nav-link\">BEZPIECZE\u0143STWO<\/a><\/li>\n<\/ul><div class=\"elementskit-nav-identity-panel\"><button class=\"elementskit-menu-close elementskit-menu-toggler\" type=\"button\">X<\/button><\/div><\/div>\t\t\t\n\t\t\t<div class=\"elementskit-menu-overlay elementskit-menu-offcanvas-elements elementskit-menu-toggler ekit-nav-menu--overlay\"><\/div>        <\/nav>\n\t\t\t\t\t\t<\/div>\n\t\t\t\t<\/div>\n\t\t\t\t<\/div>\n\t\t\t\t\t<\/div>\n\t\t\t\t<\/div>\n\t\t<div class=\"elementor-element elementor-element-9798568 e-con-full e-flex e-con e-parent\" data-id=\"9798568\" data-element_type=\"container\" data-settings=\"{&quot;background_background&quot;:&quot;classic&quot;}\">\n\t\t<div class=\"elementor-element elementor-element-814e670 e-con-full e-flex e-con e-child\" data-id=\"814e670\" data-element_type=\"container\">\n\t\t\t\t<div class=\"elementor-element elementor-element-01e659f elementor-widget-mobile__width-inherit elementor-absolute elementor-widget__width-initial elementor-widget elementor-widget-heading\" data-id=\"01e659f\" data-element_type=\"widget\" data-settings=\"{&quot;_position&quot;:&quot;absolute&quot;}\" data-widget_type=\"heading.default\">\n\t\t\t\t\t<h2 class=\"elementor-heading-title elementor-size-default\">NAPISZ DO MNIE<\/h2>\t\t\t\t<\/div>\n\t\t<div class=\"elementor-element elementor-element-76040c6 e-con-full e-flex e-con e-child\" data-id=\"76040c6\" data-element_type=\"container\">\n\t\t\t\t<\/div>\n\t\t\t\t<div class=\"elementor-element elementor-element-77bd075 elementor-absolute elementor-widget-mobile__width-initial elementor-widget__width-initial elementor-widget elementor-widget-text-editor\" data-id=\"77bd075\" data-element_type=\"widget\" data-settings=\"{&quot;_position&quot;:&quot;absolute&quot;}\" data-widget_type=\"text-editor.default\">\n\t\t\t\t\t\t\t\t\t<p>Skorupka ART<\/p><p>NIP: 501-008-70-92<\/p><p>TEL: 695-717-608<\/p>\t\t\t\t\t\t\t\t<\/div>\n\t\t\t\t<\/div>\n\t\t<div class=\"elementor-element elementor-element-3bff945 e-con-full e-flex e-con e-child\" data-id=\"3bff945\" data-element_type=\"container\">\n\t\t\t\t<div class=\"elementor-element elementor-element-0d09acf elementor-absolute elementor-shape-rounded elementor-grid-0 e-grid-align-center elementor-widget elementor-widget-social-icons\" data-id=\"0d09acf\" data-element_type=\"widget\" data-settings=\"{&quot;_position&quot;:&quot;absolute&quot;}\" data-widget_type=\"social-icons.default\">\n\t\t\t\t\t\t\t<div class=\"elementor-social-icons-wrapper elementor-grid\" role=\"list\">\n\t\t\t\t\t\t\t<span class=\"elementor-grid-item\" role=\"listitem\">\n\t\t\t\t\t<a class=\"elementor-icon elementor-social-icon elementor-social-icon-facebook elementor-repeater-item-12bc5a3\" href=\"https:\/\/www.facebook.com\/profile.php?id=61578628396863\" target=\"_blank\">\n\t\t\t\t\t\t<span class=\"elementor-screen-only\">Facebook<\/span>\n\t\t\t\t\t\t<svg aria-hidden=\"true\" class=\"e-font-icon-svg e-fab-facebook\" viewBox=\"0 0 512 512\" xmlns=\"http:\/\/www.w3.org\/2000\/svg\"><path d=\"M504 256C504 119 393 8 256 8S8 119 8 256c0 123.78 90.69 226.38 209.25 245V327.69h-63V256h63v-54.64c0-62.15 37-96.48 93.67-96.48 27.14 0 55.52 4.84 55.52 4.84v61h-31.28c-30.8 0-40.41 19.12-40.41 38.73V256h68.78l-11 71.69h-57.78V501C413.31 482.38 504 379.78 504 256z\"><\/path><\/svg>\t\t\t\t\t<\/a>\n\t\t\t\t<\/span>\n\t\t\t\t\t\t\t<span class=\"elementor-grid-item\" role=\"listitem\">\n\t\t\t\t\t<a class=\"elementor-icon elementor-social-icon elementor-social-icon-instagram elementor-repeater-item-4691d74\" href=\"https:\/\/www.instagram.com\/sebastianskorupka\" target=\"_blank\">\n\t\t\t\t\t\t<span class=\"elementor-screen-only\">Instagram<\/span>\n\t\t\t\t\t\t<svg aria-hidden=\"true\" class=\"e-font-icon-svg e-fab-instagram\" viewBox=\"0 0 448 512\" xmlns=\"http:\/\/www.w3.org\/2000\/svg\"><path d=\"M224.1 141c-63.6 0-114.9 51.3-114.9 114.9s51.3 114.9 114.9 114.9S339 319.5 339 255.9 287.7 141 224.1 141zm0 189.6c-41.1 0-74.7-33.5-74.7-74.7s33.5-74.7 74.7-74.7 74.7 33.5 74.7 74.7-33.6 74.7-74.7 74.7zm146.4-194.3c0 14.9-12 26.8-26.8 26.8-14.9 0-26.8-12-26.8-26.8s12-26.8 26.8-26.8 26.8 12 26.8 26.8zm76.1 27.2c-1.7-35.9-9.9-67.7-36.2-93.9-26.2-26.2-58-34.4-93.9-36.2-37-2.1-147.9-2.1-184.9 0-35.8 1.7-67.6 9.9-93.9 36.1s-34.4 58-36.2 93.9c-2.1 37-2.1 147.9 0 184.9 1.7 35.9 9.9 67.7 36.2 93.9s58 34.4 93.9 36.2c37 2.1 147.9 2.1 184.9 0 35.9-1.7 67.7-9.9 93.9-36.2 26.2-26.2 34.4-58 36.2-93.9 2.1-37 2.1-147.8 0-184.8zM398.8 388c-7.8 19.6-22.9 34.7-42.6 42.6-29.5 11.7-99.5 9-132.1 9s-102.7 2.6-132.1-9c-19.6-7.8-34.7-22.9-42.6-42.6-11.7-29.5-9-99.5-9-132.1s-2.6-102.7 9-132.1c7.8-19.6 22.9-34.7 42.6-42.6 29.5-11.7 99.5-9 132.1-9s102.7-2.6 132.1 9c19.6 7.8 34.7 22.9 42.6 42.6 11.7 29.5 9 99.5 9 132.1s2.7 102.7-9 132.1z\"><\/path><\/svg>\t\t\t\t\t<\/a>\n\t\t\t\t<\/span>\n\t\t\t\t\t<\/div>\n\t\t\t\t\t\t<\/div>\n\t\t\t\t<\/div>\n\t\t\t\t<div class=\"elementor-element elementor-element-77ee528 elementor-absolute elementor-widget elementor-widget-text-editor\" data-id=\"77ee528\" data-element_type=\"widget\" data-settings=\"{&quot;_position&quot;:&quot;absolute&quot;}\" data-widget_type=\"text-editor.default\">\n\t\t\t\t\t\t\t\t\t<p>Wyra\u017cam zgod\u0119 na przetwarzanie moich danych osobowych w celu kontaktu w sprawie zapytania, zgodnie z polityk\u0105 prywatno\u015bci.<\/p>\t\t\t\t\t\t\t\t<\/div>\n\t\t\t\t<div class=\"elementor-element elementor-element-af25961 elementor-widget__width-initial elementor-widget-mobile__width-inherit elementor-widget elementor-widget-shortcode\" data-id=\"af25961\" data-element_type=\"widget\" data-widget_type=\"shortcode.default\">\n\t\t\t\t\t\t\t<div class=\"elementor-shortcode\"><div class=\"forminator-ui forminator-custom-form forminator-custom-form-371 forminator-design--default  forminator_ajax\" data-forminator-render=\"0\" data-form=\"forminator-module-371\" data-uid=\"69d4a7eb14bfa\"><br\/><\/div><form\n\t\t\t\tid=\"forminator-module-371\"\n\t\t\t\tclass=\"forminator-ui forminator-custom-form forminator-custom-form-371 forminator-design--default  forminator_ajax\"\n\t\t\t\tmethod=\"post\"\n\t\t\t\tdata-forminator-render=\"0\"\n\t\t\t\tdata-form-id=\"371\"\n\t\t\t\t\n\t\t\t\tdata-design=\"default\"\n\t\t\t\t\n\t\t\t\t\n\t\t\t\t\n\t\t\t\tdata-grid=\"open\"\n\t\t\t\t\n\t\t\t\t\n\t\t\t\tstyle=\"display: none;\"\n\t\t\t\t\n\t\t\t\tdata-uid=\"69d4a7eb14bfa\"\n\t\t\t><div role=\"alert\" aria-live=\"polite\" class=\"forminator-response-message forminator-error\" aria-hidden=\"true\"><\/div><div class=\"forminator-row\"><div id=\"name-1\" class=\"forminator-field-name forminator-col forminator-col-12 \"><div class=\"forminator-field\"><label for=\"forminator-field-name-1_69d4a7eb14bfa\" id=\"forminator-field-name-1_69d4a7eb14bfa-label\" class=\"forminator-label\">Imi\u0119 <span class=\"forminator-required\">*<\/span><\/label><input type=\"text\" name=\"name-1\" value=\"\" placeholder=\"\" id=\"forminator-field-name-1_69d4a7eb14bfa\" class=\"forminator-input forminator-name--field\" aria-required=\"true\" \/><\/div><\/div><\/div><div class=\"forminator-row\"><div id=\"email-1\" class=\"forminator-field-email forminator-col forminator-col-12 \"><div class=\"forminator-field\"><label for=\"forminator-field-email-1_69d4a7eb14bfa\" id=\"forminator-field-email-1_69d4a7eb14bfa-label\" class=\"forminator-label\">Adres e-mail <span class=\"forminator-required\">*<\/span><\/label><input type=\"email\" name=\"email-1\" value=\"\" placeholder=\"\" id=\"forminator-field-email-1_69d4a7eb14bfa\" class=\"forminator-input forminator-email--field\" data-required=\"true\" aria-required=\"true\" \/><\/div><\/div><\/div><div class=\"forminator-row\"><div id=\"textarea-1\" class=\"forminator-field-textarea forminator-col forminator-col-12 \"><div class=\"forminator-field\"><label for=\"forminator-field-textarea-1_69d4a7eb14bfa\" id=\"forminator-field-textarea-1_69d4a7eb14bfa-label\" class=\"forminator-label\">Wiadomo\u015b\u0107<\/label><span id=\"forminator-field-textarea-1_69d4a7eb14bfa-description\" class=\"forminator-description\"><span data-limit=\"180\" data-type=\"characters\" data-editor=\"\">0 \/ 180<\/span><\/span><textarea name=\"textarea-1\" placeholder=\"\" id=\"forminator-field-textarea-1_69d4a7eb14bfa\" class=\"forminator-textarea\" rows=\"6\" style=\"min-height:140px;\" maxlength=\"180\" ><\/textarea><\/div><\/div><\/div><input type=\"hidden\" name=\"referer_url\" value=\"\" \/><div class=\"forminator-row forminator-row-last\"><div class=\"forminator-col\"><div class=\"forminator-field\"><button class=\"forminator-button forminator-button-submit\">Wy\u015blij<\/button><\/div><\/div><\/div><input type=\"hidden\" id=\"forminator_nonce\" name=\"forminator_nonce\" value=\"787a8b5b6c\" \/><input type=\"hidden\" name=\"_wp_http_referer\" value=\"\/index.php\/wp-json\/wp\/v2\/pages\/327\" \/><input type=\"hidden\" name=\"form_id\" value=\"371\"><input type=\"hidden\" name=\"page_id\" value=\"327\"><input type=\"hidden\" name=\"form_type\" value=\"default\"><input type=\"hidden\" name=\"current_url\" value=\"https:\/\/sebastianskorupka.pl\/index.php\/kontakt\/\"><input type=\"hidden\" name=\"render_id\" value=\"0\"><input type=\"hidden\" name=\"action\" value=\"forminator_submit_form_custom-forms\"><\/form><\/div>\n\t\t\t\t\t\t<\/div>\n\t\t<div class=\"elementor-element elementor-element-418ea46 e-con-full e-flex e-con e-child\" data-id=\"418ea46\" data-element_type=\"container\">\n\t\t\t\t<\/div>\n\t\t<div class=\"elementor-element elementor-element-0b130b6 e-flex e-con-boxed e-con e-child\" data-id=\"0b130b6\" data-element_type=\"container\">\n\t\t\t\t\t<div class=\"e-con-inner\">\n\t\t\t\t\t<\/div>\n\t\t\t\t<\/div>\n\t\t\t\t<div class=\"elementor-element elementor-element-d7b4b3e elementor-widget elementor-widget-video\" data-id=\"d7b4b3e\" data-element_type=\"widget\" data-settings=\"{&quot;video_type&quot;:&quot;hosted&quot;,&quot;autoplay&quot;:&quot;yes&quot;,&quot;mute&quot;:&quot;yes&quot;,&quot;loop&quot;:&quot;yes&quot;}\" data-widget_type=\"video.default\">\n\t\t\t\t\t\t\t<div class=\"e-hosted-video elementor-wrapper elementor-open-inline\">\n\t\t\t\t\t<video class=\"elementor-video\" src=\"https:\/\/sebastianskorupka.pl\/wp-content\/uploads\/2025\/07\/MVI_77882.mp4\" autoplay=\"\" loop=\"\" muted=\"muted\" controlsList=\"nodownload\"><\/video>\n\t\t\t\t<\/div>\n\t\t\t\t\t\t<\/div>\n\t\t\t\t<\/div>\n\t\t<div class=\"elementor-element elementor-element-3489a55 e-flex e-con-boxed e-con e-parent\" data-id=\"3489a55\" data-element_type=\"container\" data-settings=\"{&quot;background_background&quot;:&quot;classic&quot;}\">\n\t\t\t\t\t<div class=\"e-con-inner\">\n\t\t\t\t<div class=\"elementor-element elementor-element-1195f2a elementor-widget elementor-widget-eael-svg-draw\" data-id=\"1195f2a\" data-element_type=\"widget\" data-widget_type=\"eael-svg-draw.default\">\n\t\t\t\t\t<div class=\"eael-svg-draw-container page-load \" data-settings=\"{&quot;fill_type&quot;:&quot;none&quot;,&quot;fill_color&quot;:null,&quot;start_point&quot;:&quot;95%&quot;,&quot;end_point&quot;:&quot;10%&quot;,&quot;marker&quot;:false,&quot;loop&quot;:&quot;yes&quot;,&quot;loop_delay&quot;:1.5,&quot;pause&quot;:&quot;no&quot;,&quot;direction&quot;:&quot;reverse&quot;,&quot;excludeStyle&quot;:&quot;yes&quot;,&quot;transition&quot;:&quot;1&quot;,&quot;stroke_length&quot;:100,&quot;ease_type&quot;:&quot;none&quot;,&quot;speed&quot;:1}\"><svg class='svg-inline--fas-fa-fire  eael-svg-icon' aria-hidden='true' role='img' xmlns='http:\/\/www.w3.org\/2000\/svg' viewBox='0 0 384 512'><path fill='' d='M216 23.86c0-23.8-30.65-32.77-44.15-13.04C48 191.85 224 200 224 288c0 35.63-29.11 64.46-64.85 63.99-35.17-.45-63.15-29.77-63.15-64.94v-85.51c0-21.7-26.47-32.23-41.43-16.5C27.8 213.16 0 261.33 0 320c0 105.87 86.13 192 192 192s192-86.13 192-192c0-170.29-168-193-168-296.14z'><\/path><\/svg> <\/div>\t\t\t\t<\/div>\n\t\t\t\t\t<\/div>\n\t\t\t\t<\/div>\n\t\t<div class=\"elementor-element elementor-element-7f8b2fa e-flex e-con-boxed e-con e-parent\" data-id=\"7f8b2fa\" data-element_type=\"container\" data-settings=\"{&quot;background_background&quot;:&quot;classic&quot;}\">\n\t\t\t\t\t<div class=\"e-con-inner\">\n\t\t\t\t<div class=\"elementor-element elementor-element-5ff2bf9 elementor-absolute elementor-widget elementor-widget-ekit-nav-menu\" data-id=\"5ff2bf9\" data-element_type=\"widget\" data-settings=\"{&quot;_position&quot;:&quot;absolute&quot;}\" data-widget_type=\"ekit-nav-menu.default\">\n\t\t\t\t<div class=\"elementor-widget-container\">\n\t\t\t\t\t\t\t<nav class=\"ekit-wid-con ekit_menu_responsive_tablet\" \n\t\t\tdata-hamburger-icon=\"\" \n\t\t\tdata-hamburger-icon-type=\"icon\" \n\t\t\tdata-responsive-breakpoint=\"1024\">\n\t\t\t            <button class=\"elementskit-menu-hamburger elementskit-menu-toggler\"  type=\"button\" aria-label=\"hamburger-icon\">\n                                    <span class=\"elementskit-menu-hamburger-icon\"><\/span><span class=\"elementskit-menu-hamburger-icon\"><\/span><span class=\"elementskit-menu-hamburger-icon\"><\/span>\n                            <\/button>\n            <div id=\"ekit-megamenu-fitness-trainer-main-menu\" class=\"elementskit-menu-container elementskit-menu-offcanvas-elements elementskit-navbar-nav-default ekit-nav-menu-one-page-yes ekit-nav-dropdown-hover\"><ul id=\"menu-fitness-trainer-main-menu-1\" class=\"elementskit-navbar-nav elementskit-menu-po-center submenu-click-on-icon\"><li class=\"menu-item menu-item-type-post_type menu-item-object-page menu-item-home menu-item-603 nav-item elementskit-mobile-builder-content\" data-vertical-menu=750px><a href=\"https:\/\/sebastianskorupka.pl\/\" class=\"ekit-menu-nav-link\">STRONA G\u0141\u00d3WNA<\/a><\/li>\n<li class=\"menu-item menu-item-type-post_type menu-item-object-page menu-item-612 nav-item elementskit-mobile-builder-content\" data-vertical-menu=750px><a href=\"https:\/\/sebastianskorupka.pl\/index.php\/oferta\/\" class=\"ekit-menu-nav-link\">OFERTA<\/a><\/li>\n<li class=\"menu-item menu-item-type-post_type menu-item-object-page menu-item-601 nav-item elementskit-mobile-builder-content\" data-vertical-menu=750px><a href=\"https:\/\/sebastianskorupka.pl\/index.php\/o-mnie\/\" class=\"ekit-menu-nav-link\">O NAS<\/a><\/li>\n<li class=\"menu-item menu-item-type-post_type menu-item-object-page menu-item-602 nav-item elementskit-mobile-builder-content\" data-vertical-menu=750px><a href=\"https:\/\/sebastianskorupka.pl\/index.php\/kontakt\/\" class=\"ekit-menu-nav-link\">KONTAKT<\/a><\/li>\n<li class=\"menu-item menu-item-type-post_type menu-item-object-page menu-item-1175 nav-item elementskit-mobile-builder-content\" data-vertical-menu=750px><a href=\"https:\/\/sebastianskorupka.pl\/index.php\/bezpieczenstwo\/\" class=\"ekit-menu-nav-link\">BEZPIECZE\u0143STWO<\/a><\/li>\n<\/ul><div class=\"elementskit-nav-identity-panel\"><button class=\"elementskit-menu-close elementskit-menu-toggler\" type=\"button\">X<\/button><\/div><\/div>\t\t\t\n\t\t\t<div class=\"elementskit-menu-overlay elementskit-menu-offcanvas-elements elementskit-menu-toggler ekit-nav-menu--overlay\"><\/div>        <\/nav>\n\t\t\t\t\t\t<\/div>\n\t\t\t\t<\/div>\n\t\t\t\t\t<\/div>\n\t\t\t\t<\/div>\n\t\t<div class=\"elementor-element elementor-element-bf45b30 e-flex e-con-boxed e-con e-parent\" data-id=\"bf45b30\" data-element_type=\"container\" data-settings=\"{&quot;background_background&quot;:&quot;classic&quot;}\">\n\t\t\t\t\t<div class=\"e-con-inner\">\n\t\t\t\t<div class=\"elementor-element elementor-element-2f9757e elementor-widget elementor-widget-copyright\" data-id=\"2f9757e\" data-element_type=\"widget\" data-widget_type=\"copyright.default\">\n\t\t\t\t<div class=\"elementor-widget-container\">\n\t\t\t\t\t\t\t<div class=\"hfe-copyright-wrapper\">\n\t\t\t\t\t\t\t<span>Copyright \u00a9 2026 Skorupka ART - Atrakcje eventowe | Powered by Skorupka ART - Atrakcje eventowe<\/span>\n\t\t\t\t\t<\/div>\n\t\t\t\t\t\t<\/div>\n\t\t\t\t<\/div>\n\t\t\t\t\t<\/div>\n\t\t\t\t<\/div>\n\t\t\t\t<\/div>\n\t\t\n    <div class=\"xs_social_share_widget xs_share_url after_content \t\tmain_content  wslu-style-1 wslu-share-box-shaped wslu-fill-colored wslu-none wslu-share-horizontal wslu-theme-font-no wslu-main_content\">\n\n\t\t\n        <ul>\n\t\t\t        <\/ul>\n    <\/div> \n","protected":false},"excerpt":{"rendered":"<p>Strona g\u0142\u00f3wna OFERTA O NAS KONTAKT X NAPISZ DO MNIE Skorupka ART NIP: 501-008-70-92 TEL: 695-717-608 Facebook Instagram Wyra\u017cam zgod\u0119 na przetwarzanie moich danych osobowych w celu kontaktu w sprawie zapytania, zgodnie z polityk\u0105 prywatno\u015bci. https:\/\/sebastianskorupka.pl\/wp-content\/uploads\/2025\/07\/MVI_77882.mp4 Strona g\u0142\u00f3wna OFERTA O NAS KONTAKT X Copyright \u00a9 | Powered by<\/p>\n","protected":false},"author":1,"featured_media":0,"parent":0,"menu_order":0,"comment_status":"closed","ping_status":"closed","template":"elementor_canvas","meta":{"_themeisle_gutenberg_block_has_review":false,"footnotes":""},"class_list":["post-327","page","type-page","status-publish","hentry","entry"],"_links":{"self":[{"href":"https:\/\/sebastianskorupka.pl\/index.php\/wp-json\/wp\/v2\/pages\/327","targetHints":{"allow":["GET"]}}],"collection":[{"href":"https:\/\/sebastianskorupka.pl\/index.php\/wp-json\/wp\/v2\/pages"}],"about":[{"href":"https:\/\/sebastianskorupka.pl\/index.php\/wp-json\/wp\/v2\/types\/page"}],"author":[{"embeddable":true,"href":"https:\/\/sebastianskorupka.pl\/index.php\/wp-json\/wp\/v2\/users\/1"}],"replies":[{"embeddable":true,"href":"https:\/\/sebastianskorupka.pl\/index.php\/wp-json\/wp\/v2\/comments?post=327"}],"version-history":[{"count":178,"href":"https:\/\/sebastianskorupka.pl\/index.php\/wp-json\/wp\/v2\/pages\/327\/revisions"}],"predecessor-version":[{"id":1157,"href":"https:\/\/sebastianskorupka.pl\/index.php\/wp-json\/wp\/v2\/pages\/327\/revisions\/1157"}],"wp:attachment":[{"href":"https:\/\/sebastianskorupka.pl\/index.php\/wp-json\/wp\/v2\/media?parent=327"}],"curies":[{"name":"wp","href":"https:\/\/api.w.org\/{rel}","templated":true}]}}