{"id":1170,"date":"2026-02-27T18:18:16","date_gmt":"2026-02-27T18:18:16","guid":{"rendered":"https:\/\/sebastianskorupka.pl\/?page_id=1170"},"modified":"2026-02-27T18:27:13","modified_gmt":"2026-02-27T18:27:13","slug":"bezpieczenstwo","status":"publish","type":"page","link":"https:\/\/sebastianskorupka.pl\/index.php\/bezpieczenstwo\/","title":{"rendered":"BEZPIECZE\u0143STWO"},"content":{"rendered":"\t\t<div data-elementor-type=\"wp-page\" data-elementor-id=\"1170\" class=\"elementor elementor-1170\">\n\t\t\t\t<div class=\"elementor-element elementor-element-c24154e e-flex e-con-boxed e-con e-parent\" data-id=\"c24154e\" data-element_type=\"container\" data-settings=\"{&quot;background_background&quot;:&quot;classic&quot;}\">\n\t\t\t\t\t<div class=\"e-con-inner\">\n\t\t<div class=\"elementor-element elementor-element-10487c4 e-con-full e-flex e-con e-child\" data-id=\"10487c4\" data-element_type=\"container\">\n\t\t\t\t<div class=\"elementor-element elementor-element-a06e729 elementor-widget__width-initial elementor-widget elementor-widget-image\" data-id=\"a06e729\" data-element_type=\"widget\" data-widget_type=\"image.default\">\n\t\t\t\t\t\t\t\t\t\t\t\t\t\t\t\t<a href=\"https:\/\/sebastianskorupka.pl\/\">\n\t\t\t\t\t\t\t<img decoding=\"async\" width=\"150\" height=\"150\" src=\"https:\/\/sebastianskorupka.pl\/wp-content\/uploads\/2026\/01\/723ff034-d653-463a-87e1-1b8ffd850e5b-150x150.png\" class=\"attachment-thumbnail size-thumbnail wp-image-1047\" alt=\"\" srcset=\"https:\/\/sebastianskorupka.pl\/wp-content\/uploads\/2026\/01\/723ff034-d653-463a-87e1-1b8ffd850e5b-150x150.png 150w, https:\/\/sebastianskorupka.pl\/wp-content\/uploads\/2026\/01\/723ff034-d653-463a-87e1-1b8ffd850e5b-300x300.png 300w, https:\/\/sebastianskorupka.pl\/wp-content\/uploads\/2026\/01\/723ff034-d653-463a-87e1-1b8ffd850e5b-768x768.png 768w, https:\/\/sebastianskorupka.pl\/wp-content\/uploads\/2026\/01\/723ff034-d653-463a-87e1-1b8ffd850e5b-600x600.png 600w, https:\/\/sebastianskorupka.pl\/wp-content\/uploads\/2026\/01\/723ff034-d653-463a-87e1-1b8ffd850e5b.png 1024w\" sizes=\"(max-width: 150px) 100vw, 150px\" \/>\t\t\t\t\t\t\t\t<\/a>\n\t\t\t\t\t\t\t\t\t\t\t\t\t\t\t<\/div>\n\t\t\t\t<\/div>\n\t\t<div class=\"elementor-element elementor-element-406a89a e-con-full e-flex e-con e-child\" data-id=\"406a89a\" data-element_type=\"container\">\n\t\t\t\t<div class=\"elementor-element elementor-element-a2185df elementor-widget elementor-widget-ekit-nav-menu\" data-id=\"a2185df\" data-element_type=\"widget\" data-widget_type=\"ekit-nav-menu.default\">\n\t\t\t\t<div class=\"elementor-widget-container\">\n\t\t\t\t\t\t\t<nav class=\"ekit-wid-con ekit_menu_responsive_tablet\" \n\t\t\tdata-hamburger-icon=\"\" \n\t\t\tdata-hamburger-icon-type=\"icon\" \n\t\t\tdata-responsive-breakpoint=\"1024\">\n\t\t\t            <button class=\"elementskit-menu-hamburger elementskit-menu-toggler\"  type=\"button\" aria-label=\"hamburger-icon\">\n                                    <span class=\"elementskit-menu-hamburger-icon\"><\/span><span class=\"elementskit-menu-hamburger-icon\"><\/span><span class=\"elementskit-menu-hamburger-icon\"><\/span>\n                            <\/button>\n            <div id=\"ekit-megamenu-fitness-trainer-main-menu\" class=\"elementskit-menu-container elementskit-menu-offcanvas-elements elementskit-navbar-nav-default ekit-nav-menu-one-page-yes ekit-nav-dropdown-hover\"><ul id=\"menu-fitness-trainer-main-menu\" class=\"elementskit-navbar-nav elementskit-menu-po-center submenu-click-on-icon\"><li id=\"menu-item-603\" class=\"menu-item menu-item-type-post_type menu-item-object-page menu-item-home menu-item-603 nav-item elementskit-mobile-builder-content\" data-vertical-menu=750px><a href=\"https:\/\/sebastianskorupka.pl\/\" class=\"ekit-menu-nav-link\">STRONA G\u0141\u00d3WNA<\/a><\/li>\n<li id=\"menu-item-612\" class=\"menu-item menu-item-type-post_type menu-item-object-page menu-item-612 nav-item elementskit-mobile-builder-content\" data-vertical-menu=750px><a href=\"https:\/\/sebastianskorupka.pl\/index.php\/oferta\/\" class=\"ekit-menu-nav-link\">OFERTA<\/a><\/li>\n<li id=\"menu-item-601\" class=\"menu-item menu-item-type-post_type menu-item-object-page menu-item-601 nav-item elementskit-mobile-builder-content\" data-vertical-menu=750px><a href=\"https:\/\/sebastianskorupka.pl\/index.php\/o-mnie\/\" class=\"ekit-menu-nav-link\">O NAS<\/a><\/li>\n<li id=\"menu-item-602\" class=\"menu-item menu-item-type-post_type menu-item-object-page menu-item-602 nav-item elementskit-mobile-builder-content\" data-vertical-menu=750px><a href=\"https:\/\/sebastianskorupka.pl\/index.php\/kontakt\/\" class=\"ekit-menu-nav-link\">KONTAKT<\/a><\/li>\n<li id=\"menu-item-1175\" class=\"menu-item menu-item-type-post_type menu-item-object-page menu-item-1175 nav-item elementskit-mobile-builder-content\" data-vertical-menu=750px><a href=\"https:\/\/sebastianskorupka.pl\/index.php\/bezpieczenstwo\/\" class=\"ekit-menu-nav-link\">BEZPIECZE\u0143STWO<\/a><\/li>\n<\/ul><div class=\"elementskit-nav-identity-panel\"><button class=\"elementskit-menu-close elementskit-menu-toggler\" type=\"button\">X<\/button><\/div><\/div>\t\t\t\n\t\t\t<div class=\"elementskit-menu-overlay elementskit-menu-offcanvas-elements elementskit-menu-toggler ekit-nav-menu--overlay\"><\/div>        <\/nav>\n\t\t\t\t\t\t<\/div>\n\t\t\t\t<\/div>\n\t\t\t\t<\/div>\n\t\t\t\t\t<\/div>\n\t\t\t\t<\/div>\n\t\t<div class=\"elementor-element elementor-element-df08682 e-flex e-con-boxed e-con e-parent\" data-id=\"df08682\" data-element_type=\"container\" data-settings=\"{&quot;background_background&quot;:&quot;classic&quot;}\">\n\t\t\t\t\t<div class=\"e-con-inner\">\n\t\t<div class=\"elementor-element elementor-element-487301b e-con-full e-flex e-con e-child\" data-id=\"487301b\" data-element_type=\"container\">\n\t\t\t\t<div class=\"elementor-element elementor-element-4462ab7 elementor-widget elementor-widget-heading\" data-id=\"4462ab7\" data-element_type=\"widget\" data-widget_type=\"heading.default\">\n\t\t\t\t\t<h2 class=\"elementor-heading-title elementor-size-default\">BEZPIECZE\u0143STWO<\/h2>\t\t\t\t<\/div>\n\t\t<div class=\"elementor-element elementor-element-a533fb7 e-con-full e-flex e-con e-child\" data-id=\"a533fb7\" data-element_type=\"container\">\n\t\t\t\t<div class=\"elementor-element elementor-element-fc864ec elementor-widget elementor-widget-text-editor\" data-id=\"fc864ec\" data-element_type=\"widget\" data-widget_type=\"text-editor.default\">\n\t\t\t\t\t\t\t\t\t<p>Bezpiecze\u0144stwo uczestnik\u00f3w wydarzenia oraz publiczno\u015bci jest dla nas absolutnym priorytetem.<br \/>Pokazy realizowane s\u0105 z wykorzystaniem w\u0142asnego sprz\u0119tu ogniowego oraz wyrob\u00f3w pirotechnicznych klasy T1, przeznaczonych do zastosowa\u0144 scenicznych.<br \/>Ka\u017cde wydarzenie:<br \/>posiada wyznaczon\u0105 stref\u0119 bezpiecze\u0144stwa,<br \/>zabezpieczone jest profesjonalnym sprz\u0119tem ga\u015bniczym,<br \/>poprzedzone jest analiz\u0105 ryzyka,<br \/>realizowane jest zgodnie z obowi\u0105zuj\u0105cymi przepisami BHP i ochrony przeciwpo\u017carowej.<br \/>Posiadamy pe\u0142n\u0105 dokumentacj\u0119 BHP i p.po\u017c. dotycz\u0105c\u0105 organizacji pokaz\u00f3w fire show, obejmuj\u0105c\u0105 ocen\u0119 ryzyka zawodowego, procedury zabezpieczenia technicznego oraz dokumentacj\u0119 instrukta\u017cow\u0105.<br \/>Ka\u017cdy artysta wyst\u0119puj\u0105cy w pokazie przechodzi szkolenie w zakresie zasad bezpiecze\u0144stwa, procedur awaryjnych oraz organizacji strefy pokazu. Przed ka\u017cdym wydarzeniem przeprowadzana jest odprawa zespo\u0142u dostosowana do warunk\u00f3w miejsca i charakteru imprezy.<br \/>Dzia\u0142alno\u015b\u0107 obj\u0119ta jest aktualnym ubezpieczeniem OC.<br \/>Na \u017cyczenie organizatora udost\u0119pniamy dokumentacj\u0119 zabezpieczenia pokazu.<\/p>\t\t\t\t\t\t\t\t<\/div>\n\t\t<div class=\"elementor-element elementor-element-3cb6975 e-con-full e-flex e-con e-child\" data-id=\"3cb6975\" data-element_type=\"container\">\n\t\t\t\t<div class=\"elementor-element elementor-element-cc22129 elementor-widget elementor-widget-image\" data-id=\"cc22129\" data-element_type=\"widget\" data-widget_type=\"image.default\">\n\t\t\t\t\t\t\t\t\t\t\t\t\t\t\t<img decoding=\"async\" src=\"https:\/\/sebastianskorupka.pl\/wp-content\/uploads\/2025\/11\/IMG_2564-1-1.jpg\" title=\"IMG_2564 (1)\" alt=\"IMG_2564 (1)\" loading=\"lazy\" \/>\t\t\t\t\t\t\t\t\t\t\t\t\t\t\t<\/div>\n\t\t\t\t<\/div>\n\t\t\t\t<\/div>\n\t\t\t\t<\/div>\n\t\t\t\t<div class=\"elementor-element elementor-element-f0e4cb3 elementor-widget elementor-widget-eael-svg-draw\" data-id=\"f0e4cb3\" data-element_type=\"widget\" data-widget_type=\"eael-svg-draw.default\">\n\t\t\t\t\t<div class=\"eael-svg-draw-container page-load \" data-settings=\"{&quot;fill_type&quot;:&quot;none&quot;,&quot;fill_color&quot;:null,&quot;start_point&quot;:&quot;95%&quot;,&quot;end_point&quot;:&quot;10%&quot;,&quot;marker&quot;:false,&quot;loop&quot;:&quot;yes&quot;,&quot;loop_delay&quot;:1.5,&quot;pause&quot;:&quot;no&quot;,&quot;direction&quot;:&quot;reverse&quot;,&quot;excludeStyle&quot;:&quot;yes&quot;,&quot;transition&quot;:&quot;1&quot;,&quot;stroke_length&quot;:100,&quot;ease_type&quot;:&quot;none&quot;,&quot;speed&quot;:1}\"><svg class='svg-inline--fas-fa-fire  eael-svg-icon' aria-hidden='true' role='img' xmlns='http:\/\/www.w3.org\/2000\/svg' viewBox='0 0 384 512'><path fill='' d='M216 23.86c0-23.8-30.65-32.77-44.15-13.04C48 191.85 224 200 224 288c0 35.63-29.11 64.46-64.85 63.99-35.17-.45-63.15-29.77-63.15-64.94v-85.51c0-21.7-26.47-32.23-41.43-16.5C27.8 213.16 0 261.33 0 320c0 105.87 86.13 192 192 192s192-86.13 192-192c0-170.29-168-193-168-296.14z'><\/path><\/svg> <\/div>\t\t\t\t<\/div>\n\t\t\t\t\t<\/div>\n\t\t\t\t<\/div>\n\t\t<div class=\"elementor-element elementor-element-6067770 e-flex e-con-boxed e-con e-parent\" data-id=\"6067770\" data-element_type=\"container\" data-settings=\"{&quot;background_background&quot;:&quot;classic&quot;}\">\n\t\t\t\t\t<div class=\"e-con-inner\">\n\t\t\t\t<div class=\"elementor-element elementor-element-de7364e elementor-absolute elementor-widget elementor-widget-ekit-nav-menu\" data-id=\"de7364e\" data-element_type=\"widget\" data-settings=\"{&quot;_position&quot;:&quot;absolute&quot;}\" data-widget_type=\"ekit-nav-menu.default\">\n\t\t\t\t<div class=\"elementor-widget-container\">\n\t\t\t\t\t\t\t<nav class=\"ekit-wid-con ekit_menu_responsive_tablet\" \n\t\t\tdata-hamburger-icon=\"\" \n\t\t\tdata-hamburger-icon-type=\"icon\" \n\t\t\tdata-responsive-breakpoint=\"1024\">\n\t\t\t            <button class=\"elementskit-menu-hamburger elementskit-menu-toggler\"  type=\"button\" aria-label=\"hamburger-icon\">\n                                    <span class=\"elementskit-menu-hamburger-icon\"><\/span><span class=\"elementskit-menu-hamburger-icon\"><\/span><span class=\"elementskit-menu-hamburger-icon\"><\/span>\n                            <\/button>\n            <div id=\"ekit-megamenu-fitness-trainer-main-menu\" class=\"elementskit-menu-container elementskit-menu-offcanvas-elements elementskit-navbar-nav-default ekit-nav-menu-one-page-yes ekit-nav-dropdown-hover\"><ul id=\"menu-fitness-trainer-main-menu-1\" class=\"elementskit-navbar-nav elementskit-menu-po-center submenu-click-on-icon\"><li class=\"menu-item menu-item-type-post_type menu-item-object-page menu-item-home menu-item-603 nav-item elementskit-mobile-builder-content\" data-vertical-menu=750px><a href=\"https:\/\/sebastianskorupka.pl\/\" class=\"ekit-menu-nav-link\">STRONA G\u0141\u00d3WNA<\/a><\/li>\n<li class=\"menu-item menu-item-type-post_type menu-item-object-page menu-item-612 nav-item elementskit-mobile-builder-content\" data-vertical-menu=750px><a href=\"https:\/\/sebastianskorupka.pl\/index.php\/oferta\/\" class=\"ekit-menu-nav-link\">OFERTA<\/a><\/li>\n<li class=\"menu-item menu-item-type-post_type menu-item-object-page menu-item-601 nav-item elementskit-mobile-builder-content\" data-vertical-menu=750px><a href=\"https:\/\/sebastianskorupka.pl\/index.php\/o-mnie\/\" class=\"ekit-menu-nav-link\">O NAS<\/a><\/li>\n<li class=\"menu-item menu-item-type-post_type menu-item-object-page menu-item-602 nav-item elementskit-mobile-builder-content\" data-vertical-menu=750px><a href=\"https:\/\/sebastianskorupka.pl\/index.php\/kontakt\/\" class=\"ekit-menu-nav-link\">KONTAKT<\/a><\/li>\n<li class=\"menu-item menu-item-type-post_type menu-item-object-page menu-item-1175 nav-item elementskit-mobile-builder-content\" data-vertical-menu=750px><a href=\"https:\/\/sebastianskorupka.pl\/index.php\/bezpieczenstwo\/\" class=\"ekit-menu-nav-link\">BEZPIECZE\u0143STWO<\/a><\/li>\n<\/ul><div class=\"elementskit-nav-identity-panel\"><button class=\"elementskit-menu-close elementskit-menu-toggler\" type=\"button\">X<\/button><\/div><\/div>\t\t\t\n\t\t\t<div class=\"elementskit-menu-overlay elementskit-menu-offcanvas-elements elementskit-menu-toggler ekit-nav-menu--overlay\"><\/div>        <\/nav>\n\t\t\t\t\t\t<\/div>\n\t\t\t\t<\/div>\n\t\t\t\t\t<\/div>\n\t\t\t\t<\/div>\n\t\t<div class=\"elementor-element elementor-element-95dca3b e-flex e-con-boxed e-con e-parent\" data-id=\"95dca3b\" data-element_type=\"container\" data-settings=\"{&quot;background_background&quot;:&quot;classic&quot;}\">\n\t\t\t\t\t<div class=\"e-con-inner\">\n\t\t\t\t<div class=\"elementor-element elementor-element-a5a1478 elementor-widget elementor-widget-copyright\" data-id=\"a5a1478\" data-element_type=\"widget\" data-widget_type=\"copyright.default\">\n\t\t\t\t<div class=\"elementor-widget-container\">\n\t\t\t\t\t\t\t<div class=\"hfe-copyright-wrapper\">\n\t\t\t\t\t\t\t<span>Copyright \u00a9 2026 Skorupka ART - Atrakcje eventowe | Powered by Skorupka ART - Atrakcje eventowe<\/span>\n\t\t\t\t\t<\/div>\n\t\t\t\t\t\t<\/div>\n\t\t\t\t<\/div>\n\t\t\t\t\t<\/div>\n\t\t\t\t<\/div>\n\t\t\t\t<\/div>\n\t\t\n    <div class=\"xs_social_share_widget xs_share_url after_content \t\tmain_content  wslu-style-1 wslu-share-box-shaped wslu-fill-colored wslu-none wslu-share-horizontal wslu-theme-font-no wslu-main_content\">\n\n\t\t\n        <ul>\n\t\t\t        <\/ul>\n    <\/div> \n","protected":false},"excerpt":{"rendered":"<p>Strona g\u0142\u00f3wna OFERTA O NAS KONTAKT X BEZPIECZE\u0143STWO Bezpiecze\u0144stwo uczestnik\u00f3w wydarzenia oraz publiczno\u015bci jest dla nas absolutnym priorytetem.Pokazy realizowane s\u0105 z wykorzystaniem w\u0142asnego sprz\u0119tu ogniowego oraz wyrob\u00f3w pirotechnicznych klasy T1, przeznaczonych do zastosowa\u0144 scenicznych.Ka\u017cde wydarzenie:posiada wyznaczon\u0105 stref\u0119 bezpiecze\u0144stwa,zabezpieczone jest profesjonalnym sprz\u0119tem ga\u015bniczym,poprzedzone jest analiz\u0105 ryzyka,realizowane jest zgodnie z obowi\u0105zuj\u0105cymi przepisami BHP i ochrony przeciwpo\u017carowej.Posiadamy pe\u0142n\u0105 [&hellip;]<\/p>\n","protected":false},"author":1,"featured_media":0,"parent":0,"menu_order":0,"comment_status":"closed","ping_status":"closed","template":"elementor_canvas","meta":{"_themeisle_gutenberg_block_has_review":false,"footnotes":""},"class_list":["post-1170","page","type-page","status-publish","hentry","entry"],"_links":{"self":[{"href":"https:\/\/sebastianskorupka.pl\/index.php\/wp-json\/wp\/v2\/pages\/1170","targetHints":{"allow":["GET"]}}],"collection":[{"href":"https:\/\/sebastianskorupka.pl\/index.php\/wp-json\/wp\/v2\/pages"}],"about":[{"href":"https:\/\/sebastianskorupka.pl\/index.php\/wp-json\/wp\/v2\/types\/page"}],"author":[{"embeddable":true,"href":"https:\/\/sebastianskorupka.pl\/index.php\/wp-json\/wp\/v2\/users\/1"}],"replies":[{"embeddable":true,"href":"https:\/\/sebastianskorupka.pl\/index.php\/wp-json\/wp\/v2\/comments?post=1170"}],"version-history":[{"count":5,"href":"https:\/\/sebastianskorupka.pl\/index.php\/wp-json\/wp\/v2\/pages\/1170\/revisions"}],"predecessor-version":[{"id":1176,"href":"https:\/\/sebastianskorupka.pl\/index.php\/wp-json\/wp\/v2\/pages\/1170\/revisions\/1176"}],"wp:attachment":[{"href":"https:\/\/sebastianskorupka.pl\/index.php\/wp-json\/wp\/v2\/media?parent=1170"}],"curies":[{"name":"wp","href":"https:\/\/api.w.org\/{rel}","templated":true}]}}